{"id":2690,"date":"2018-07-22T11:36:20","date_gmt":"2018-07-22T09:36:20","guid":{"rendered":"http:\/\/mbphotos.be\/?page_id=2690"},"modified":"2023-07-17T20:20:13","modified_gmt":"2023-07-17T18:20:13","slug":"nivelles-summer-festival-2018","status":"publish","type":"page","link":"https:\/\/mbphotos.be\/index.php\/nivelles-summer-festival-2018\/","title":{"rendered":"Nivelles Summer Festival  2018"},"content":{"rendered":"\n<h5 class=\"wp-block-heading\">Cette ann\u00e9e encore le<a href=\"https:\/\/www.nivelles.be\/agenda-2\/divertissements\/554-nivelles-summer-festival.html?date=2018-07-20-00-00\"><em> Nivelles Summer Festival&nbsp; <\/em><\/a>f\u00eate comme il se doit&nbsp; la F\u00eate nationale en grande pompe.&nbsp; Des spectacles in\u00e9dits sur la Grand-Place les 20 &amp; 21 juillet.<em><br><\/em><\/h5>\n\n\n\n<figure class=\"wp-block-gallery has-nested-images columns-4 is-cropped wp-block-gallery-1 is-layout-flex wp-block-gallery-is-layout-flex\">\n<figure class=\"wp-block-image size-large\"><a href=\"https:\/\/i0.wp.com\/mbphotos.be\/wp-content\/uploads\/2018\/07\/8078083.jpg?ssl=1\"><img data-recalc-dims=\"1\" loading=\"lazy\" decoding=\"async\" width=\"667\" height=\"1000\" data-attachment-id=\"2708\" data-permalink=\"https:\/\/mbphotos.be\/index.php\/nivelles-summer-festival-2018\/attachment\/_8078083\/\" data-orig-file=\"https:\/\/i0.wp.com\/mbphotos.be\/wp-content\/uploads\/2018\/07\/8078083.jpg?fit=667%2C1000&amp;ssl=1\" data-orig-size=\"667,1000\" data-comments-opened=\"1\" data-image-meta=\"{&quot;aperture&quot;:&quot;5.6&quot;,&quot;credit&quot;:&quot;Marc_BIERNAUX&quot;,&quot;camera&quot;:&quot;NIKON D800&quot;,&quot;caption&quot;:&quot;&quot;,&quot;created_timestamp&quot;:&quot;1532202488&quot;,&quot;copyright&quot;:&quot;MBphotos&quot;,&quot;focal_length&quot;:&quot;32&quot;,&quot;iso&quot;:&quot;400&quot;,&quot;shutter_speed&quot;:&quot;0.0015625&quot;,&quot;title&quot;:&quot;&quot;,&quot;orientation&quot;:&quot;0&quot;}\" data-image-title=\"_8078083\" data-image-description=\"\" data-image-caption=\"&lt;p&gt;Nivelles Summer Festival&lt;\/p&gt;\n\" data-large-file=\"https:\/\/i0.wp.com\/mbphotos.be\/wp-content\/uploads\/2018\/07\/8078083.jpg?fit=667%2C1000&amp;ssl=1\" data-id=\"2708\" src=\"https:\/\/i0.wp.com\/mbphotos.be\/wp-content\/uploads\/2018\/07\/8078083.jpg?resize=667%2C1000&#038;ssl=1\" alt=\"\" class=\"wp-image-2708\" srcset=\"https:\/\/i0.wp.com\/mbphotos.be\/wp-content\/uploads\/2018\/07\/8078083.jpg?w=667&amp;ssl=1 667w, https:\/\/i0.wp.com\/mbphotos.be\/wp-content\/uploads\/2018\/07\/8078083.jpg?resize=200%2C300&amp;ssl=1 200w\" sizes=\"auto, (max-width: 667px) 100vw, 667px\" \/><\/a><figcaption class=\"wp-element-caption\">Nivelles Summer Festival<\/figcaption><\/figure>\n\n\n\n<figure class=\"wp-block-image size-large\"><a href=\"https:\/\/i0.wp.com\/mbphotos.be\/wp-content\/uploads\/2018\/07\/8078084.jpg?ssl=1\"><img data-recalc-dims=\"1\" loading=\"lazy\" decoding=\"async\" width=\"668\" height=\"1000\" data-attachment-id=\"2695\" data-permalink=\"https:\/\/mbphotos.be\/index.php\/nivelles-summer-festival-2018\/attachment\/_8078084\/\" data-orig-file=\"https:\/\/i0.wp.com\/mbphotos.be\/wp-content\/uploads\/2018\/07\/8078084.jpg?fit=668%2C1000&amp;ssl=1\" data-orig-size=\"668,1000\" data-comments-opened=\"1\" data-image-meta=\"{&quot;aperture&quot;:&quot;5.6&quot;,&quot;credit&quot;:&quot;Marc_BIERNAUX&quot;,&quot;camera&quot;:&quot;NIKON D800&quot;,&quot;caption&quot;:&quot;&quot;,&quot;created_timestamp&quot;:&quot;1532205220&quot;,&quot;copyright&quot;:&quot;MBphotos&quot;,&quot;focal_length&quot;:&quot;85&quot;,&quot;iso&quot;:&quot;400&quot;,&quot;shutter_speed&quot;:&quot;0.04&quot;,&quot;title&quot;:&quot;&quot;,&quot;orientation&quot;:&quot;0&quot;}\" data-image-title=\"_8078084\" data-image-description=\"\" data-image-caption=\"&lt;p&gt;21 juillet, fete nationale&lt;\/p&gt;\n\" data-large-file=\"https:\/\/i0.wp.com\/mbphotos.be\/wp-content\/uploads\/2018\/07\/8078084.jpg?fit=668%2C1000&amp;ssl=1\" data-id=\"2695\" src=\"https:\/\/i0.wp.com\/mbphotos.be\/wp-content\/uploads\/2018\/07\/8078084.jpg?resize=668%2C1000&#038;ssl=1\" alt=\"\" class=\"wp-image-2695\" srcset=\"https:\/\/i0.wp.com\/mbphotos.be\/wp-content\/uploads\/2018\/07\/8078084.jpg?w=668&amp;ssl=1 668w, https:\/\/i0.wp.com\/mbphotos.be\/wp-content\/uploads\/2018\/07\/8078084.jpg?resize=200%2C300&amp;ssl=1 200w\" sizes=\"auto, (max-width: 668px) 100vw, 668px\" \/><\/a><figcaption class=\"wp-element-caption\">21 juillet, fete nationale<\/figcaption><\/figure>\n\n\n\n<figure class=\"wp-block-image size-large\"><a href=\"https:\/\/i0.wp.com\/mbphotos.be\/wp-content\/uploads\/2018\/07\/8078025.jpg?ssl=1\"><img data-recalc-dims=\"1\" loading=\"lazy\" decoding=\"async\" width=\"1000\" height=\"667\" data-attachment-id=\"2697\" data-permalink=\"https:\/\/mbphotos.be\/index.php\/nivelles-summer-festival-2018\/attachment\/_8078025\/\" data-orig-file=\"https:\/\/i0.wp.com\/mbphotos.be\/wp-content\/uploads\/2018\/07\/8078025.jpg?fit=1000%2C667&amp;ssl=1\" data-orig-size=\"1000,667\" data-comments-opened=\"1\" data-image-meta=\"{&quot;aperture&quot;:&quot;5.6&quot;,&quot;credit&quot;:&quot;Marc_BIERNAUX&quot;,&quot;camera&quot;:&quot;NIKON D800&quot;,&quot;caption&quot;:&quot;&quot;,&quot;created_timestamp&quot;:&quot;1532187464&quot;,&quot;copyright&quot;:&quot;MBphotos&quot;,&quot;focal_length&quot;:&quot;85&quot;,&quot;iso&quot;:&quot;320&quot;,&quot;shutter_speed&quot;:&quot;0.0125&quot;,&quot;title&quot;:&quot;&quot;,&quot;orientation&quot;:&quot;0&quot;}\" data-image-title=\"_8078025\" data-image-description=\"\" data-image-caption=\"&lt;p&gt;Hier Encore&lt;\/p&gt;\n\" data-large-file=\"https:\/\/i0.wp.com\/mbphotos.be\/wp-content\/uploads\/2018\/07\/8078025.jpg?fit=1000%2C667&amp;ssl=1\" data-id=\"2697\" src=\"https:\/\/i0.wp.com\/mbphotos.be\/wp-content\/uploads\/2018\/07\/8078025.jpg?resize=1000%2C667&#038;ssl=1\" alt=\"\" class=\"wp-image-2697\" srcset=\"https:\/\/i0.wp.com\/mbphotos.be\/wp-content\/uploads\/2018\/07\/8078025.jpg?w=1000&amp;ssl=1 1000w, https:\/\/i0.wp.com\/mbphotos.be\/wp-content\/uploads\/2018\/07\/8078025.jpg?resize=300%2C200&amp;ssl=1 300w, https:\/\/i0.wp.com\/mbphotos.be\/wp-content\/uploads\/2018\/07\/8078025.jpg?resize=768%2C512&amp;ssl=1 768w, https:\/\/i0.wp.com\/mbphotos.be\/wp-content\/uploads\/2018\/07\/8078025.jpg?resize=360%2C240&amp;ssl=1 360w\" sizes=\"auto, (max-width: 1000px) 100vw, 1000px\" \/><\/a><figcaption class=\"wp-element-caption\">Hier Encore<\/figcaption><\/figure>\n\n\n\n<figure class=\"wp-block-image size-large\"><a href=\"https:\/\/i0.wp.com\/mbphotos.be\/wp-content\/uploads\/2018\/07\/8078017.jpg?ssl=1\"><img data-recalc-dims=\"1\" loading=\"lazy\" decoding=\"async\" width=\"1000\" height=\"667\" data-attachment-id=\"2696\" data-permalink=\"https:\/\/mbphotos.be\/index.php\/nivelles-summer-festival-2018\/attachment\/_8078017\/\" data-orig-file=\"https:\/\/i0.wp.com\/mbphotos.be\/wp-content\/uploads\/2018\/07\/8078017.jpg?fit=1000%2C667&amp;ssl=1\" data-orig-size=\"1000,667\" data-comments-opened=\"1\" data-image-meta=\"{&quot;aperture&quot;:&quot;5.6&quot;,&quot;credit&quot;:&quot;Marc_BIERNAUX&quot;,&quot;camera&quot;:&quot;NIKON D800&quot;,&quot;caption&quot;:&quot;&quot;,&quot;created_timestamp&quot;:&quot;1532186192&quot;,&quot;copyright&quot;:&quot;MBphotos&quot;,&quot;focal_length&quot;:&quot;70&quot;,&quot;iso&quot;:&quot;320&quot;,&quot;shutter_speed&quot;:&quot;0.016666666666667&quot;,&quot;title&quot;:&quot;&quot;,&quot;orientation&quot;:&quot;0&quot;}\" data-image-title=\"_8078017\" data-image-description=\"\" data-image-caption=\"&lt;p&gt;Hier Encore&lt;\/p&gt;\n\" data-large-file=\"https:\/\/i0.wp.com\/mbphotos.be\/wp-content\/uploads\/2018\/07\/8078017.jpg?fit=1000%2C667&amp;ssl=1\" data-id=\"2696\" src=\"https:\/\/i0.wp.com\/mbphotos.be\/wp-content\/uploads\/2018\/07\/8078017.jpg?resize=1000%2C667&#038;ssl=1\" alt=\"\" class=\"wp-image-2696\" srcset=\"https:\/\/i0.wp.com\/mbphotos.be\/wp-content\/uploads\/2018\/07\/8078017.jpg?w=1000&amp;ssl=1 1000w, https:\/\/i0.wp.com\/mbphotos.be\/wp-content\/uploads\/2018\/07\/8078017.jpg?resize=300%2C200&amp;ssl=1 300w, https:\/\/i0.wp.com\/mbphotos.be\/wp-content\/uploads\/2018\/07\/8078017.jpg?resize=768%2C512&amp;ssl=1 768w, https:\/\/i0.wp.com\/mbphotos.be\/wp-content\/uploads\/2018\/07\/8078017.jpg?resize=360%2C240&amp;ssl=1 360w\" sizes=\"auto, (max-width: 1000px) 100vw, 1000px\" \/><\/a><figcaption class=\"wp-element-caption\">Hier Encore<\/figcaption><\/figure>\n\n\n\n<figure class=\"wp-block-image size-large\"><a href=\"https:\/\/i0.wp.com\/mbphotos.be\/wp-content\/uploads\/2018\/07\/8078035.jpg?ssl=1\"><img data-recalc-dims=\"1\" loading=\"lazy\" decoding=\"async\" width=\"667\" height=\"1000\" data-attachment-id=\"2698\" data-permalink=\"https:\/\/mbphotos.be\/index.php\/nivelles-summer-festival-2018\/attachment\/_8078035\/\" data-orig-file=\"https:\/\/i0.wp.com\/mbphotos.be\/wp-content\/uploads\/2018\/07\/8078035.jpg?fit=667%2C1000&amp;ssl=1\" data-orig-size=\"667,1000\" data-comments-opened=\"1\" data-image-meta=\"{&quot;aperture&quot;:&quot;5.6&quot;,&quot;credit&quot;:&quot;Marc_BIERNAUX&quot;,&quot;camera&quot;:&quot;NIKON D800&quot;,&quot;caption&quot;:&quot;&quot;,&quot;created_timestamp&quot;:&quot;1532188592&quot;,&quot;copyright&quot;:&quot;MBphotos&quot;,&quot;focal_length&quot;:&quot;260&quot;,&quot;iso&quot;:&quot;640&quot;,&quot;shutter_speed&quot;:&quot;0.005&quot;,&quot;title&quot;:&quot;&quot;,&quot;orientation&quot;:&quot;0&quot;}\" data-image-title=\"_8078035\" data-image-description=\"\" data-image-caption=\"&lt;p&gt;Hier Encore&lt;\/p&gt;\n\" data-large-file=\"https:\/\/i0.wp.com\/mbphotos.be\/wp-content\/uploads\/2018\/07\/8078035.jpg?fit=667%2C1000&amp;ssl=1\" data-id=\"2698\" src=\"https:\/\/i0.wp.com\/mbphotos.be\/wp-content\/uploads\/2018\/07\/8078035.jpg?resize=667%2C1000&#038;ssl=1\" alt=\"\" class=\"wp-image-2698\" srcset=\"https:\/\/i0.wp.com\/mbphotos.be\/wp-content\/uploads\/2018\/07\/8078035.jpg?w=667&amp;ssl=1 667w, https:\/\/i0.wp.com\/mbphotos.be\/wp-content\/uploads\/2018\/07\/8078035.jpg?resize=200%2C300&amp;ssl=1 200w\" sizes=\"auto, (max-width: 667px) 100vw, 667px\" \/><\/a><figcaption class=\"wp-element-caption\">Hier Encore<\/figcaption><\/figure>\n\n\n\n<figure class=\"wp-block-image size-large\"><a href=\"https:\/\/i0.wp.com\/mbphotos.be\/wp-content\/uploads\/2018\/07\/8078061.jpg?ssl=1\"><img data-recalc-dims=\"1\" loading=\"lazy\" decoding=\"async\" width=\"667\" height=\"1000\" data-attachment-id=\"2702\" data-permalink=\"https:\/\/mbphotos.be\/index.php\/nivelles-summer-festival-2018\/attachment\/_8078061\/\" data-orig-file=\"https:\/\/i0.wp.com\/mbphotos.be\/wp-content\/uploads\/2018\/07\/8078061.jpg?fit=667%2C1000&amp;ssl=1\" data-orig-size=\"667,1000\" data-comments-opened=\"1\" data-image-meta=\"{&quot;aperture&quot;:&quot;5.6&quot;,&quot;credit&quot;:&quot;Marc_BIERNAUX&quot;,&quot;camera&quot;:&quot;NIKON D800&quot;,&quot;caption&quot;:&quot;&quot;,&quot;created_timestamp&quot;:&quot;1532194956&quot;,&quot;copyright&quot;:&quot;MBphotos&quot;,&quot;focal_length&quot;:&quot;85&quot;,&quot;iso&quot;:&quot;400&quot;,&quot;shutter_speed&quot;:&quot;0.0005&quot;,&quot;title&quot;:&quot;&quot;,&quot;orientation&quot;:&quot;0&quot;}\" data-image-title=\"_8078061\" data-image-description=\"\" data-image-caption=\"&lt;p&gt;Nivelles Summer Festival&lt;\/p&gt;\n\" data-large-file=\"https:\/\/i0.wp.com\/mbphotos.be\/wp-content\/uploads\/2018\/07\/8078061.jpg?fit=667%2C1000&amp;ssl=1\" data-id=\"2702\" src=\"https:\/\/i0.wp.com\/mbphotos.be\/wp-content\/uploads\/2018\/07\/8078061.jpg?resize=667%2C1000&#038;ssl=1\" alt=\"\" class=\"wp-image-2702\" srcset=\"https:\/\/i0.wp.com\/mbphotos.be\/wp-content\/uploads\/2018\/07\/8078061.jpg?w=667&amp;ssl=1 667w, https:\/\/i0.wp.com\/mbphotos.be\/wp-content\/uploads\/2018\/07\/8078061.jpg?resize=200%2C300&amp;ssl=1 200w\" sizes=\"auto, (max-width: 667px) 100vw, 667px\" \/><\/a><figcaption class=\"wp-element-caption\">Nivelles Summer Festival<\/figcaption><\/figure>\n\n\n\n<figure class=\"wp-block-image size-large\"><a href=\"https:\/\/i0.wp.com\/mbphotos.be\/wp-content\/uploads\/2018\/07\/8078060.jpg?ssl=1\"><img data-recalc-dims=\"1\" loading=\"lazy\" decoding=\"async\" width=\"667\" height=\"1000\" data-attachment-id=\"2701\" data-permalink=\"https:\/\/mbphotos.be\/index.php\/nivelles-summer-festival-2018\/attachment\/_8078060\/\" data-orig-file=\"https:\/\/i0.wp.com\/mbphotos.be\/wp-content\/uploads\/2018\/07\/8078060.jpg?fit=667%2C1000&amp;ssl=1\" data-orig-size=\"667,1000\" data-comments-opened=\"1\" data-image-meta=\"{&quot;aperture&quot;:&quot;5.6&quot;,&quot;credit&quot;:&quot;Marc_BIERNAUX&quot;,&quot;camera&quot;:&quot;NIKON D800&quot;,&quot;caption&quot;:&quot;&quot;,&quot;created_timestamp&quot;:&quot;1532194849&quot;,&quot;copyright&quot;:&quot;MBphotos&quot;,&quot;focal_length&quot;:&quot;85&quot;,&quot;iso&quot;:&quot;400&quot;,&quot;shutter_speed&quot;:&quot;0.001&quot;,&quot;title&quot;:&quot;&quot;,&quot;orientation&quot;:&quot;0&quot;}\" data-image-title=\"_8078060\" data-image-description=\"\" data-image-caption=\"&lt;p&gt;Nivelles Summer Festival&lt;\/p&gt;\n\" data-large-file=\"https:\/\/i0.wp.com\/mbphotos.be\/wp-content\/uploads\/2018\/07\/8078060.jpg?fit=667%2C1000&amp;ssl=1\" data-id=\"2701\" src=\"https:\/\/i0.wp.com\/mbphotos.be\/wp-content\/uploads\/2018\/07\/8078060.jpg?resize=667%2C1000&#038;ssl=1\" alt=\"\" class=\"wp-image-2701\" srcset=\"https:\/\/i0.wp.com\/mbphotos.be\/wp-content\/uploads\/2018\/07\/8078060.jpg?w=667&amp;ssl=1 667w, https:\/\/i0.wp.com\/mbphotos.be\/wp-content\/uploads\/2018\/07\/8078060.jpg?resize=200%2C300&amp;ssl=1 200w\" sizes=\"auto, (max-width: 667px) 100vw, 667px\" \/><\/a><figcaption class=\"wp-element-caption\">Nivelles Summer Festival<\/figcaption><\/figure>\n\n\n\n<figure class=\"wp-block-image size-large\"><a href=\"https:\/\/i0.wp.com\/mbphotos.be\/wp-content\/uploads\/2018\/07\/8078046.jpg?ssl=1\"><img data-recalc-dims=\"1\" loading=\"lazy\" decoding=\"async\" width=\"1000\" height=\"667\" data-attachment-id=\"2699\" data-permalink=\"https:\/\/mbphotos.be\/index.php\/nivelles-summer-festival-2018\/attachment\/_8078046\/\" data-orig-file=\"https:\/\/i0.wp.com\/mbphotos.be\/wp-content\/uploads\/2018\/07\/8078046.jpg?fit=1000%2C667&amp;ssl=1\" data-orig-size=\"1000,667\" data-comments-opened=\"1\" data-image-meta=\"{&quot;aperture&quot;:&quot;5.6&quot;,&quot;credit&quot;:&quot;Marc_BIERNAUX&quot;,&quot;camera&quot;:&quot;NIKON D800&quot;,&quot;caption&quot;:&quot;&quot;,&quot;created_timestamp&quot;:&quot;1532190193&quot;,&quot;copyright&quot;:&quot;MBphotos&quot;,&quot;focal_length&quot;:&quot;70&quot;,&quot;iso&quot;:&quot;640&quot;,&quot;shutter_speed&quot;:&quot;0.008&quot;,&quot;title&quot;:&quot;&quot;,&quot;orientation&quot;:&quot;0&quot;}\" data-image-title=\"_8078046\" data-image-description=\"\" data-image-caption=\"&lt;p&gt;The Nerds&lt;\/p&gt;\n\" data-large-file=\"https:\/\/i0.wp.com\/mbphotos.be\/wp-content\/uploads\/2018\/07\/8078046.jpg?fit=1000%2C667&amp;ssl=1\" data-id=\"2699\" src=\"https:\/\/i0.wp.com\/mbphotos.be\/wp-content\/uploads\/2018\/07\/8078046.jpg?resize=1000%2C667&#038;ssl=1\" alt=\"\" class=\"wp-image-2699\" srcset=\"https:\/\/i0.wp.com\/mbphotos.be\/wp-content\/uploads\/2018\/07\/8078046.jpg?w=1000&amp;ssl=1 1000w, https:\/\/i0.wp.com\/mbphotos.be\/wp-content\/uploads\/2018\/07\/8078046.jpg?resize=300%2C200&amp;ssl=1 300w, https:\/\/i0.wp.com\/mbphotos.be\/wp-content\/uploads\/2018\/07\/8078046.jpg?resize=768%2C512&amp;ssl=1 768w, https:\/\/i0.wp.com\/mbphotos.be\/wp-content\/uploads\/2018\/07\/8078046.jpg?resize=360%2C240&amp;ssl=1 360w\" sizes=\"auto, (max-width: 1000px) 100vw, 1000px\" \/><\/a><figcaption class=\"wp-element-caption\">The Nerds<\/figcaption><\/figure>\n\n\n\n<figure class=\"wp-block-image size-large\"><a href=\"https:\/\/i0.wp.com\/mbphotos.be\/wp-content\/uploads\/2018\/07\/8078067.jpg?ssl=1\"><img data-recalc-dims=\"1\" loading=\"lazy\" decoding=\"async\" width=\"1000\" height=\"667\" data-attachment-id=\"2704\" data-permalink=\"https:\/\/mbphotos.be\/index.php\/nivelles-summer-festival-2018\/attachment\/_8078067\/\" data-orig-file=\"https:\/\/i0.wp.com\/mbphotos.be\/wp-content\/uploads\/2018\/07\/8078067.jpg?fit=1000%2C667&amp;ssl=1\" data-orig-size=\"1000,667\" data-comments-opened=\"1\" data-image-meta=\"{&quot;aperture&quot;:&quot;5.6&quot;,&quot;credit&quot;:&quot;Marc_BIERNAUX&quot;,&quot;camera&quot;:&quot;NIKON D800&quot;,&quot;caption&quot;:&quot;&quot;,&quot;created_timestamp&quot;:&quot;1532196963&quot;,&quot;copyright&quot;:&quot;MBphotos&quot;,&quot;focal_length&quot;:&quot;31&quot;,&quot;iso&quot;:&quot;400&quot;,&quot;shutter_speed&quot;:&quot;0.00125&quot;,&quot;title&quot;:&quot;&quot;,&quot;orientation&quot;:&quot;0&quot;}\" data-image-title=\"_8078067\" data-image-description=\"\" data-image-caption=\"&lt;p&gt;The Nerds&lt;\/p&gt;\n\" data-large-file=\"https:\/\/i0.wp.com\/mbphotos.be\/wp-content\/uploads\/2018\/07\/8078067.jpg?fit=1000%2C667&amp;ssl=1\" data-id=\"2704\" src=\"https:\/\/i0.wp.com\/mbphotos.be\/wp-content\/uploads\/2018\/07\/8078067.jpg?resize=1000%2C667&#038;ssl=1\" alt=\"\" class=\"wp-image-2704\" srcset=\"https:\/\/i0.wp.com\/mbphotos.be\/wp-content\/uploads\/2018\/07\/8078067.jpg?w=1000&amp;ssl=1 1000w, https:\/\/i0.wp.com\/mbphotos.be\/wp-content\/uploads\/2018\/07\/8078067.jpg?resize=300%2C200&amp;ssl=1 300w, https:\/\/i0.wp.com\/mbphotos.be\/wp-content\/uploads\/2018\/07\/8078067.jpg?resize=768%2C512&amp;ssl=1 768w, https:\/\/i0.wp.com\/mbphotos.be\/wp-content\/uploads\/2018\/07\/8078067.jpg?resize=360%2C240&amp;ssl=1 360w\" sizes=\"auto, (max-width: 1000px) 100vw, 1000px\" \/><\/a><figcaption class=\"wp-element-caption\">The Nerds<\/figcaption><\/figure>\n\n\n\n<figure class=\"wp-block-image size-large\"><a href=\"https:\/\/i0.wp.com\/mbphotos.be\/wp-content\/uploads\/2018\/07\/8078068.jpg?ssl=1\"><img data-recalc-dims=\"1\" loading=\"lazy\" decoding=\"async\" width=\"1000\" height=\"667\" data-attachment-id=\"2705\" data-permalink=\"https:\/\/mbphotos.be\/index.php\/nivelles-summer-festival-2018\/attachment\/_8078068\/\" data-orig-file=\"https:\/\/i0.wp.com\/mbphotos.be\/wp-content\/uploads\/2018\/07\/8078068.jpg?fit=1000%2C667&amp;ssl=1\" data-orig-size=\"1000,667\" data-comments-opened=\"1\" data-image-meta=\"{&quot;aperture&quot;:&quot;5.6&quot;,&quot;credit&quot;:&quot;Marc_BIERNAUX&quot;,&quot;camera&quot;:&quot;NIKON D800&quot;,&quot;caption&quot;:&quot;&quot;,&quot;created_timestamp&quot;:&quot;1532197002&quot;,&quot;copyright&quot;:&quot;MBphotos&quot;,&quot;focal_length&quot;:&quot;32&quot;,&quot;iso&quot;:&quot;400&quot;,&quot;shutter_speed&quot;:&quot;0.000625&quot;,&quot;title&quot;:&quot;&quot;,&quot;orientation&quot;:&quot;0&quot;}\" data-image-title=\"_8078068\" data-image-description=\"\" data-image-caption=\"&lt;p&gt;The Nerds&lt;\/p&gt;\n\" data-large-file=\"https:\/\/i0.wp.com\/mbphotos.be\/wp-content\/uploads\/2018\/07\/8078068.jpg?fit=1000%2C667&amp;ssl=1\" data-id=\"2705\" src=\"https:\/\/i0.wp.com\/mbphotos.be\/wp-content\/uploads\/2018\/07\/8078068.jpg?resize=1000%2C667&#038;ssl=1\" alt=\"\" class=\"wp-image-2705\" srcset=\"https:\/\/i0.wp.com\/mbphotos.be\/wp-content\/uploads\/2018\/07\/8078068.jpg?w=1000&amp;ssl=1 1000w, https:\/\/i0.wp.com\/mbphotos.be\/wp-content\/uploads\/2018\/07\/8078068.jpg?resize=300%2C200&amp;ssl=1 300w, https:\/\/i0.wp.com\/mbphotos.be\/wp-content\/uploads\/2018\/07\/8078068.jpg?resize=768%2C512&amp;ssl=1 768w, https:\/\/i0.wp.com\/mbphotos.be\/wp-content\/uploads\/2018\/07\/8078068.jpg?resize=360%2C240&amp;ssl=1 360w\" sizes=\"auto, (max-width: 1000px) 100vw, 1000px\" \/><\/a><figcaption class=\"wp-element-caption\">The Nerds<\/figcaption><\/figure>\n\n\n\n<figure class=\"wp-block-image size-large\"><a href=\"https:\/\/i0.wp.com\/mbphotos.be\/wp-content\/uploads\/2018\/07\/8078064.jpg?ssl=1\"><img data-recalc-dims=\"1\" loading=\"lazy\" decoding=\"async\" width=\"1000\" height=\"667\" data-attachment-id=\"2703\" data-permalink=\"https:\/\/mbphotos.be\/index.php\/nivelles-summer-festival-2018\/attachment\/_8078064\/\" data-orig-file=\"https:\/\/i0.wp.com\/mbphotos.be\/wp-content\/uploads\/2018\/07\/8078064.jpg?fit=1000%2C667&amp;ssl=1\" data-orig-size=\"1000,667\" data-comments-opened=\"1\" data-image-meta=\"{&quot;aperture&quot;:&quot;5.6&quot;,&quot;credit&quot;:&quot;Marc_BIERNAUX&quot;,&quot;camera&quot;:&quot;NIKON D800&quot;,&quot;caption&quot;:&quot;&quot;,&quot;created_timestamp&quot;:&quot;1532196819&quot;,&quot;copyright&quot;:&quot;MBphotos&quot;,&quot;focal_length&quot;:&quot;85&quot;,&quot;iso&quot;:&quot;400&quot;,&quot;shutter_speed&quot;:&quot;0.00125&quot;,&quot;title&quot;:&quot;&quot;,&quot;orientation&quot;:&quot;0&quot;}\" data-image-title=\"_8078064\" data-image-description=\"\" data-image-caption=\"&lt;p&gt;Nivelles Summer Festival&lt;\/p&gt;\n\" data-large-file=\"https:\/\/i0.wp.com\/mbphotos.be\/wp-content\/uploads\/2018\/07\/8078064.jpg?fit=1000%2C667&amp;ssl=1\" data-id=\"2703\" src=\"https:\/\/i0.wp.com\/mbphotos.be\/wp-content\/uploads\/2018\/07\/8078064.jpg?resize=1000%2C667&#038;ssl=1\" alt=\"\" class=\"wp-image-2703\" srcset=\"https:\/\/i0.wp.com\/mbphotos.be\/wp-content\/uploads\/2018\/07\/8078064.jpg?w=1000&amp;ssl=1 1000w, https:\/\/i0.wp.com\/mbphotos.be\/wp-content\/uploads\/2018\/07\/8078064.jpg?resize=300%2C200&amp;ssl=1 300w, https:\/\/i0.wp.com\/mbphotos.be\/wp-content\/uploads\/2018\/07\/8078064.jpg?resize=768%2C512&amp;ssl=1 768w, https:\/\/i0.wp.com\/mbphotos.be\/wp-content\/uploads\/2018\/07\/8078064.jpg?resize=360%2C240&amp;ssl=1 360w\" sizes=\"auto, (max-width: 1000px) 100vw, 1000px\" \/><\/a><figcaption class=\"wp-element-caption\">Nivelles Summer Festival<\/figcaption><\/figure>\n\n\n\n<figure class=\"wp-block-image size-large\"><a href=\"https:\/\/i0.wp.com\/mbphotos.be\/wp-content\/uploads\/2018\/07\/8078077.jpg?ssl=1\"><img data-recalc-dims=\"1\" loading=\"lazy\" decoding=\"async\" width=\"667\" height=\"1000\" data-attachment-id=\"2706\" data-permalink=\"https:\/\/mbphotos.be\/index.php\/nivelles-summer-festival-2018\/attachment\/_8078077\/\" data-orig-file=\"https:\/\/i0.wp.com\/mbphotos.be\/wp-content\/uploads\/2018\/07\/8078077.jpg?fit=667%2C1000&amp;ssl=1\" data-orig-size=\"667,1000\" data-comments-opened=\"1\" data-image-meta=\"{&quot;aperture&quot;:&quot;5.6&quot;,&quot;credit&quot;:&quot;Marc_BIERNAUX&quot;,&quot;camera&quot;:&quot;NIKON D800&quot;,&quot;caption&quot;:&quot;&quot;,&quot;created_timestamp&quot;:&quot;1532202292&quot;,&quot;copyright&quot;:&quot;MBphotos&quot;,&quot;focal_length&quot;:&quot;85&quot;,&quot;iso&quot;:&quot;400&quot;,&quot;shutter_speed&quot;:&quot;0.01&quot;,&quot;title&quot;:&quot;&quot;,&quot;orientation&quot;:&quot;0&quot;}\" data-image-title=\"_8078077\" data-image-description=\"\" data-image-caption=\"&lt;p&gt;HOT for 90&amp;rsquo;S&lt;\/p&gt;\n\" data-large-file=\"https:\/\/i0.wp.com\/mbphotos.be\/wp-content\/uploads\/2018\/07\/8078077.jpg?fit=667%2C1000&amp;ssl=1\" data-id=\"2706\" src=\"https:\/\/i0.wp.com\/mbphotos.be\/wp-content\/uploads\/2018\/07\/8078077.jpg?resize=667%2C1000&#038;ssl=1\" alt=\"\" class=\"wp-image-2706\" srcset=\"https:\/\/i0.wp.com\/mbphotos.be\/wp-content\/uploads\/2018\/07\/8078077.jpg?w=667&amp;ssl=1 667w, https:\/\/i0.wp.com\/mbphotos.be\/wp-content\/uploads\/2018\/07\/8078077.jpg?resize=200%2C300&amp;ssl=1 200w\" sizes=\"auto, (max-width: 667px) 100vw, 667px\" \/><\/a><figcaption class=\"wp-element-caption\">HOT for 90&rsquo;S<\/figcaption><\/figure>\n\n\n\n<figure class=\"wp-block-image size-large\"><a href=\"https:\/\/i0.wp.com\/mbphotos.be\/wp-content\/uploads\/2018\/07\/8078080.jpg?ssl=1\"><img data-recalc-dims=\"1\" loading=\"lazy\" decoding=\"async\" width=\"667\" height=\"1000\" data-attachment-id=\"2707\" data-permalink=\"https:\/\/mbphotos.be\/index.php\/nivelles-summer-festival-2018\/attachment\/_8078080\/\" data-orig-file=\"https:\/\/i0.wp.com\/mbphotos.be\/wp-content\/uploads\/2018\/07\/8078080.jpg?fit=667%2C1000&amp;ssl=1\" data-orig-size=\"667,1000\" data-comments-opened=\"1\" data-image-meta=\"{&quot;aperture&quot;:&quot;5.6&quot;,&quot;credit&quot;:&quot;Marc_BIERNAUX&quot;,&quot;camera&quot;:&quot;NIKON D800&quot;,&quot;caption&quot;:&quot;&quot;,&quot;created_timestamp&quot;:&quot;1532202417&quot;,&quot;copyright&quot;:&quot;MBphotos&quot;,&quot;focal_length&quot;:&quot;85&quot;,&quot;iso&quot;:&quot;400&quot;,&quot;shutter_speed&quot;:&quot;0.016666666666667&quot;,&quot;title&quot;:&quot;&quot;,&quot;orientation&quot;:&quot;0&quot;}\" data-image-title=\"_8078080\" data-image-description=\"\" data-image-caption=\"&lt;p&gt;HOT for 90&amp;rsquo;S&lt;\/p&gt;\n\" data-large-file=\"https:\/\/i0.wp.com\/mbphotos.be\/wp-content\/uploads\/2018\/07\/8078080.jpg?fit=667%2C1000&amp;ssl=1\" data-id=\"2707\" src=\"https:\/\/i0.wp.com\/mbphotos.be\/wp-content\/uploads\/2018\/07\/8078080.jpg?resize=667%2C1000&#038;ssl=1\" alt=\"\" class=\"wp-image-2707\" srcset=\"https:\/\/i0.wp.com\/mbphotos.be\/wp-content\/uploads\/2018\/07\/8078080.jpg?w=667&amp;ssl=1 667w, https:\/\/i0.wp.com\/mbphotos.be\/wp-content\/uploads\/2018\/07\/8078080.jpg?resize=200%2C300&amp;ssl=1 200w\" sizes=\"auto, (max-width: 667px) 100vw, 667px\" \/><\/a><figcaption class=\"wp-element-caption\">HOT for 90&rsquo;S<\/figcaption><\/figure>\n<\/figure>\n","protected":false},"excerpt":{"rendered":"<p>Cette ann\u00e9e encore le Nivelles Summer Festival&nbsp; f\u00eate comme il se doit&nbsp; la F\u00eate nationale en grande pompe.&nbsp; Des spectacles in\u00e9dits sur la Grand-Place les 20 &amp; 21 juillet.<\/p>\n","protected":false},"author":1,"featured_media":2712,"parent":0,"menu_order":0,"comment_status":"closed","ping_status":"closed","template":"","meta":{"_seopress_robots_primary_cat":"","_seopress_titles_title":"","_seopress_titles_desc":"","_seopress_robots_index":"","footnotes":""},"class_list":["post-2690","page","type-page","status-publish","has-post-thumbnail","hentry"],"jetpack_sharing_enabled":true,"jetpack_shortlink":"https:\/\/wp.me\/P9qCFt-Ho","_links":{"self":[{"href":"https:\/\/mbphotos.be\/index.php\/wp-json\/wp\/v2\/pages\/2690","targetHints":{"allow":["GET"]}}],"collection":[{"href":"https:\/\/mbphotos.be\/index.php\/wp-json\/wp\/v2\/pages"}],"about":[{"href":"https:\/\/mbphotos.be\/index.php\/wp-json\/wp\/v2\/types\/page"}],"author":[{"embeddable":true,"href":"https:\/\/mbphotos.be\/index.php\/wp-json\/wp\/v2\/users\/1"}],"replies":[{"embeddable":true,"href":"https:\/\/mbphotos.be\/index.php\/wp-json\/wp\/v2\/comments?post=2690"}],"version-history":[{"count":6,"href":"https:\/\/mbphotos.be\/index.php\/wp-json\/wp\/v2\/pages\/2690\/revisions"}],"predecessor-version":[{"id":10072,"href":"https:\/\/mbphotos.be\/index.php\/wp-json\/wp\/v2\/pages\/2690\/revisions\/10072"}],"wp:featuredmedia":[{"embeddable":true,"href":"https:\/\/mbphotos.be\/index.php\/wp-json\/wp\/v2\/media\/2712"}],"wp:attachment":[{"href":"https:\/\/mbphotos.be\/index.php\/wp-json\/wp\/v2\/media?parent=2690"}],"curies":[{"name":"wp","href":"https:\/\/api.w.org\/{rel}","templated":true}]}}