{"id":275,"date":"2017-11-29T23:28:12","date_gmt":"2017-11-29T22:28:12","guid":{"rendered":"http:\/\/mbphotos.be\/?page_id=275"},"modified":"2019-10-09T17:00:52","modified_gmt":"2019-10-09T15:00:52","slug":"naissance-2","status":"publish","type":"page","link":"https:\/\/mbphotos.be\/index.php\/naissance-2\/","title":{"rendered":"Naissances"},"content":{"rendered":"<p>Site en construction<\/p>\n","protected":false},"excerpt":{"rendered":"<p>Site en construction<\/p>\n","protected":false},"author":1,"featured_media":0,"parent":0,"menu_order":0,"comment_status":"closed","ping_status":"closed","template":"","meta":{"_seopress_robots_primary_cat":"","_seopress_titles_title":"Prot\u00e9g\u00e9 : MBphotos - naissance","_seopress_titles_desc":"Cette partie du site est prot\u00e9g\u00e9e par mot de passe","_seopress_robots_index":"","footnotes":""},"class_list":["post-275","page","type-page","status-publish","hentry"],"jetpack_sharing_enabled":true,"jetpack_shortlink":"https:\/\/wp.me\/P9qCFt-4r","_links":{"self":[{"href":"https:\/\/mbphotos.be\/index.php\/wp-json\/wp\/v2\/pages\/275","targetHints":{"allow":["GET"]}}],"collection":[{"href":"https:\/\/mbphotos.be\/index.php\/wp-json\/wp\/v2\/pages"}],"about":[{"href":"https:\/\/mbphotos.be\/index.php\/wp-json\/wp\/v2\/types\/page"}],"author":[{"embeddable":true,"href":"https:\/\/mbphotos.be\/index.php\/wp-json\/wp\/v2\/users\/1"}],"replies":[{"embeddable":true,"href":"https:\/\/mbphotos.be\/index.php\/wp-json\/wp\/v2\/comments?post=275"}],"version-history":[{"count":2,"href":"https:\/\/mbphotos.be\/index.php\/wp-json\/wp\/v2\/pages\/275\/revisions"}],"predecessor-version":[{"id":403,"href":"https:\/\/mbphotos.be\/index.php\/wp-json\/wp\/v2\/pages\/275\/revisions\/403"}],"wp:attachment":[{"href":"https:\/\/mbphotos.be\/index.php\/wp-json\/wp\/v2\/media?parent=275"}],"curies":[{"name":"wp","href":"https:\/\/api.w.org\/{rel}","templated":true}]}}