{"id":283,"date":"2017-11-29T23:29:30","date_gmt":"2017-11-29T22:29:30","guid":{"rendered":"http:\/\/mbphotos.be\/?page_id=283"},"modified":"2018-10-23T12:16:27","modified_gmt":"2018-10-23T10:16:27","slug":"grossesse-2","status":"publish","type":"page","link":"https:\/\/mbphotos.be\/index.php\/grossesse-2\/","title":{"rendered":"Grossesses"},"content":{"rendered":"","protected":true},"excerpt":{"rendered":"","protected":true},"author":1,"featured_media":0,"parent":0,"menu_order":0,"comment_status":"closed","ping_status":"closed","template":"","meta":{"_seopress_robots_primary_cat":"","_seopress_titles_title":"Prot\u00e9g\u00e9 : MBphotos - grossesse","_seopress_titles_desc":"Cette partie du site est prot\u00e9g\u00e9e par mot de passe","_seopress_robots_index":"","footnotes":""},"class_list":["post-283","page","type-page","status-publish","post-password-required","hentry"],"jetpack_sharing_enabled":true,"jetpack_shortlink":"https:\/\/wp.me\/P9qCFt-4z","_links":{"self":[{"href":"https:\/\/mbphotos.be\/index.php\/wp-json\/wp\/v2\/pages\/283","targetHints":{"allow":["GET"]}}],"collection":[{"href":"https:\/\/mbphotos.be\/index.php\/wp-json\/wp\/v2\/pages"}],"about":[{"href":"https:\/\/mbphotos.be\/index.php\/wp-json\/wp\/v2\/types\/page"}],"author":[{"embeddable":true,"href":"https:\/\/mbphotos.be\/index.php\/wp-json\/wp\/v2\/users\/1"}],"replies":[{"embeddable":true,"href":"https:\/\/mbphotos.be\/index.php\/wp-json\/wp\/v2\/comments?post=283"}],"version-history":[{"count":3,"href":"https:\/\/mbphotos.be\/index.php\/wp-json\/wp\/v2\/pages\/283\/revisions"}],"predecessor-version":[{"id":3018,"href":"https:\/\/mbphotos.be\/index.php\/wp-json\/wp\/v2\/pages\/283\/revisions\/3018"}],"wp:attachment":[{"href":"https:\/\/mbphotos.be\/index.php\/wp-json\/wp\/v2\/media?parent=283"}],"curies":[{"name":"wp","href":"https:\/\/api.w.org\/{rel}","templated":true}]}}