{"id":287,"date":"2017-11-29T23:30:19","date_gmt":"2017-11-29T22:30:19","guid":{"rendered":"http:\/\/mbphotos.be\/?page_id=287"},"modified":"2021-04-04T19:14:07","modified_gmt":"2021-04-04T17:14:07","slug":"book-2","status":"publish","type":"page","link":"https:\/\/mbphotos.be\/index.php\/book-2\/","title":{"rendered":"Books"},"content":{"rendered":"<p>Cette partie du site est en mise \u00e0 jour permanente<\/p>\n<p>Chaque \u00e9v\u00e9nement contient des photos de personnes et\/ou d&rsquo;enfants, raison pour laquelle, un mot de passe en restreint l&rsquo;acc\u00e8s<\/p>\n<p><em>Si vous aussi, vous souhaitez fixer une image&nbsp; de groupe, de vos enfants, de vous m\u00eame, ou encore d&rsquo;un \u00e9v\u00e8nement particulier, nous vous invitons \u00e0 consulter notre page <a href=\"https:\/\/mbphotos.be\/index.php\/shooting-photo\/\">shooting&nbsp; <\/a> (Bient\u00f4t disponible)<\/em><\/p>\n<h2><a href=\"https:\/\/mbphotos.be\/index.php\/apecole-06-12-2017\/\"><strong>Ap\u00e9<\/strong><\/a><a href=\"https:\/\/mbphotos.be\/index.php\/apecole-06-12-2017\/\"><strong>cole 01<\/strong><\/a><a href=\"https:\/\/mbphotos.be\/index.php\/apecole-06-12-2017\/\"><strong>\/12\/2017<\/strong><\/a><\/h2>\n<h2><a href=\"https:\/\/mbphotos.be\/index.php\/la-ruche-08-10-2017\/\"><strong>La Ruche&nbsp; 08\/10\/2017<\/strong><\/a><\/h2>\n<h2><a href=\"https:\/\/mbphotos.be\/index.php\/clement-alexandre\/\"><strong>Cl\u00e9ment &#8211; Alexandre<\/strong><\/a><\/h2>\n<p>&nbsp;<\/p>\n","protected":false},"excerpt":{"rendered":"<p>Cette partie du site est en mise \u00e0 jour permanente Chaque \u00e9v\u00e9nement contient des photos de personnes et\/ou d&rsquo;enfants, raison pour laquelle, un mot de passe en restreint l&rsquo;acc\u00e8s Si vous aussi, vous souhaitez fixer une image&nbsp; de groupe, de vos enfants, de vous m\u00eame, ou encore d&rsquo;un \u00e9v\u00e8nement particulier, nous vous invitons \u00e0 consulter [&hellip;]<\/p>\n","protected":false},"author":1,"featured_media":0,"parent":0,"menu_order":0,"comment_status":"closed","ping_status":"closed","template":"","meta":{"_seopress_robots_primary_cat":"","_seopress_titles_title":"MBphotos Books","_seopress_titles_desc":"Cette partie du site contient diff\u00e9rents books priv\u00e9, c&#039;est pour cette raison que son acc\u00e8s est limit\u00e9 via mot de passe ","_seopress_robots_index":"","footnotes":""},"class_list":["post-287","page","type-page","status-publish","hentry"],"jetpack_sharing_enabled":true,"jetpack_shortlink":"https:\/\/wp.me\/P9qCFt-4D","_links":{"self":[{"href":"https:\/\/mbphotos.be\/index.php\/wp-json\/wp\/v2\/pages\/287","targetHints":{"allow":["GET"]}}],"collection":[{"href":"https:\/\/mbphotos.be\/index.php\/wp-json\/wp\/v2\/pages"}],"about":[{"href":"https:\/\/mbphotos.be\/index.php\/wp-json\/wp\/v2\/types\/page"}],"author":[{"embeddable":true,"href":"https:\/\/mbphotos.be\/index.php\/wp-json\/wp\/v2\/users\/1"}],"replies":[{"embeddable":true,"href":"https:\/\/mbphotos.be\/index.php\/wp-json\/wp\/v2\/comments?post=287"}],"version-history":[{"count":13,"href":"https:\/\/mbphotos.be\/index.php\/wp-json\/wp\/v2\/pages\/287\/revisions"}],"predecessor-version":[{"id":6735,"href":"https:\/\/mbphotos.be\/index.php\/wp-json\/wp\/v2\/pages\/287\/revisions\/6735"}],"wp:attachment":[{"href":"https:\/\/mbphotos.be\/index.php\/wp-json\/wp\/v2\/media?parent=287"}],"curies":[{"name":"wp","href":"https:\/\/api.w.org\/{rel}","templated":true}]}}