{"id":3246,"date":"2019-02-20T11:32:53","date_gmt":"2019-02-20T10:32:53","guid":{"rendered":"http:\/\/mbphotos.be\/?page_id=3246"},"modified":"2023-07-17T19:30:38","modified_gmt":"2023-07-17T17:30:38","slug":"alyzee","status":"publish","type":"page","link":"https:\/\/mbphotos.be\/index.php\/alyzee\/","title":{"rendered":"Alyz\u00e9e"},"content":{"rendered":"\n<figure class=\"wp-block-gallery has-nested-images columns-4 is-cropped wp-block-gallery-1 is-layout-flex wp-block-gallery-is-layout-flex\">\n<figure class=\"wp-block-image size-large\"><img data-recalc-dims=\"1\" loading=\"lazy\" decoding=\"async\" width=\"1000\" height=\"667\" data-attachment-id=\"2936\" data-permalink=\"https:\/\/mbphotos.be\/index.php\/portraits\/attachment\/_8079091\/\" data-orig-file=\"https:\/\/i0.wp.com\/mbphotos.be\/wp-content\/uploads\/2018\/10\/8079091.jpg?fit=1000%2C667&amp;ssl=1\" data-orig-size=\"1000,667\" data-comments-opened=\"1\" data-image-meta=\"{&quot;aperture&quot;:&quot;8&quot;,&quot;credit&quot;:&quot;Marc_BIERNAUX&quot;,&quot;camera&quot;:&quot;NIKON D800&quot;,&quot;caption&quot;:&quot;&quot;,&quot;created_timestamp&quot;:&quot;1537625337&quot;,&quot;copyright&quot;:&quot;MBphotos&quot;,&quot;focal_length&quot;:&quot;85&quot;,&quot;iso&quot;:&quot;100&quot;,&quot;shutter_speed&quot;:&quot;0.003125&quot;,&quot;title&quot;:&quot;&quot;,&quot;orientation&quot;:&quot;0&quot;}\" data-image-title=\"_8079091\" data-image-description=\"\" data-image-caption=\"&lt;p&gt;Alyz\u00e9e 1&lt;\/p&gt;\n\" data-large-file=\"https:\/\/i0.wp.com\/mbphotos.be\/wp-content\/uploads\/2018\/10\/8079091.jpg?fit=1000%2C667&amp;ssl=1\" data-id=\"2936\" src=\"https:\/\/i0.wp.com\/mbphotos.be\/wp-content\/uploads\/2018\/10\/8079091.jpg?resize=1000%2C667&#038;ssl=1\" alt=\"\" class=\"wp-image-2936\" srcset=\"https:\/\/i0.wp.com\/mbphotos.be\/wp-content\/uploads\/2018\/10\/8079091.jpg?w=1000&amp;ssl=1 1000w, https:\/\/i0.wp.com\/mbphotos.be\/wp-content\/uploads\/2018\/10\/8079091.jpg?resize=300%2C200&amp;ssl=1 300w, https:\/\/i0.wp.com\/mbphotos.be\/wp-content\/uploads\/2018\/10\/8079091.jpg?resize=768%2C512&amp;ssl=1 768w, https:\/\/i0.wp.com\/mbphotos.be\/wp-content\/uploads\/2018\/10\/8079091.jpg?resize=360%2C240&amp;ssl=1 360w\" sizes=\"auto, (max-width: 1000px) 100vw, 1000px\" \/><figcaption class=\"wp-element-caption\">Alyz\u00e9e 1<\/figcaption><\/figure>\n\n\n\n<figure class=\"wp-block-image size-large\"><img data-recalc-dims=\"1\" loading=\"lazy\" decoding=\"async\" width=\"1000\" height=\"748\" data-attachment-id=\"2938\" data-permalink=\"https:\/\/mbphotos.be\/index.php\/portraits\/attachment\/_8079093\/\" data-orig-file=\"https:\/\/i0.wp.com\/mbphotos.be\/wp-content\/uploads\/2018\/10\/8079093.jpg?fit=1000%2C748&amp;ssl=1\" data-orig-size=\"1000,748\" data-comments-opened=\"1\" data-image-meta=\"{&quot;aperture&quot;:&quot;7.1&quot;,&quot;credit&quot;:&quot;Marc_BIERNAUX&quot;,&quot;camera&quot;:&quot;NIKON D800&quot;,&quot;caption&quot;:&quot;&quot;,&quot;created_timestamp&quot;:&quot;1537625366&quot;,&quot;copyright&quot;:&quot;MBphotos&quot;,&quot;focal_length&quot;:&quot;85&quot;,&quot;iso&quot;:&quot;100&quot;,&quot;shutter_speed&quot;:&quot;0.008&quot;,&quot;title&quot;:&quot;&quot;,&quot;orientation&quot;:&quot;0&quot;}\" data-image-title=\"_8079093\" data-image-description=\"\" data-image-caption=\"&lt;p&gt;Alyz\u00e9e 2&lt;\/p&gt;\n\" data-large-file=\"https:\/\/i0.wp.com\/mbphotos.be\/wp-content\/uploads\/2018\/10\/8079093.jpg?fit=1000%2C748&amp;ssl=1\" data-id=\"2938\" src=\"https:\/\/i0.wp.com\/mbphotos.be\/wp-content\/uploads\/2018\/10\/8079093.jpg?resize=1000%2C748&#038;ssl=1\" alt=\"\" class=\"wp-image-2938\" srcset=\"https:\/\/i0.wp.com\/mbphotos.be\/wp-content\/uploads\/2018\/10\/8079093.jpg?w=1000&amp;ssl=1 1000w, https:\/\/i0.wp.com\/mbphotos.be\/wp-content\/uploads\/2018\/10\/8079093.jpg?resize=300%2C224&amp;ssl=1 300w, https:\/\/i0.wp.com\/mbphotos.be\/wp-content\/uploads\/2018\/10\/8079093.jpg?resize=768%2C574&amp;ssl=1 768w\" sizes=\"auto, (max-width: 1000px) 100vw, 1000px\" \/><figcaption class=\"wp-element-caption\">Alyz\u00e9e 2<\/figcaption><\/figure>\n\n\n\n<figure class=\"wp-block-image size-large\"><img data-recalc-dims=\"1\" loading=\"lazy\" decoding=\"async\" width=\"1000\" height=\"667\" data-attachment-id=\"2935\" data-permalink=\"https:\/\/mbphotos.be\/index.php\/portraits\/attachment\/_8079079\/\" data-orig-file=\"https:\/\/i0.wp.com\/mbphotos.be\/wp-content\/uploads\/2018\/10\/8079079.jpg?fit=1000%2C667&amp;ssl=1\" data-orig-size=\"1000,667\" data-comments-opened=\"1\" data-image-meta=\"{&quot;aperture&quot;:&quot;4&quot;,&quot;credit&quot;:&quot;Marc_BIERNAUX&quot;,&quot;camera&quot;:&quot;NIKON D800&quot;,&quot;caption&quot;:&quot;&quot;,&quot;created_timestamp&quot;:&quot;1537623595&quot;,&quot;copyright&quot;:&quot;MBphotos&quot;,&quot;focal_length&quot;:&quot;85&quot;,&quot;iso&quot;:&quot;100&quot;,&quot;shutter_speed&quot;:&quot;0.04&quot;,&quot;title&quot;:&quot;&quot;,&quot;orientation&quot;:&quot;0&quot;}\" data-image-title=\"_8079079\" data-image-description=\"\" data-image-caption=\"&lt;p&gt;Alyz\u00e9e 3&lt;\/p&gt;\n\" data-large-file=\"https:\/\/i0.wp.com\/mbphotos.be\/wp-content\/uploads\/2018\/10\/8079079.jpg?fit=1000%2C667&amp;ssl=1\" data-id=\"2935\" src=\"https:\/\/i0.wp.com\/mbphotos.be\/wp-content\/uploads\/2018\/10\/8079079.jpg?resize=1000%2C667&#038;ssl=1\" alt=\"\" class=\"wp-image-2935\" srcset=\"https:\/\/i0.wp.com\/mbphotos.be\/wp-content\/uploads\/2018\/10\/8079079.jpg?w=1000&amp;ssl=1 1000w, https:\/\/i0.wp.com\/mbphotos.be\/wp-content\/uploads\/2018\/10\/8079079.jpg?resize=300%2C200&amp;ssl=1 300w, https:\/\/i0.wp.com\/mbphotos.be\/wp-content\/uploads\/2018\/10\/8079079.jpg?resize=768%2C512&amp;ssl=1 768w, https:\/\/i0.wp.com\/mbphotos.be\/wp-content\/uploads\/2018\/10\/8079079.jpg?resize=360%2C240&amp;ssl=1 360w\" sizes=\"auto, (max-width: 1000px) 100vw, 1000px\" \/><figcaption class=\"wp-element-caption\">Alyz\u00e9e 3<\/figcaption><\/figure>\n\n\n\n<figure class=\"wp-block-image size-large\"><img data-recalc-dims=\"1\" loading=\"lazy\" decoding=\"async\" width=\"667\" height=\"1000\" data-attachment-id=\"2937\" data-permalink=\"https:\/\/mbphotos.be\/index.php\/portraits\/attachment\/_8079092\/\" data-orig-file=\"https:\/\/i0.wp.com\/mbphotos.be\/wp-content\/uploads\/2018\/10\/8079092.jpg?fit=667%2C1000&amp;ssl=1\" data-orig-size=\"667,1000\" data-comments-opened=\"1\" data-image-meta=\"{&quot;aperture&quot;:&quot;7.1&quot;,&quot;credit&quot;:&quot;Marc_BIERNAUX&quot;,&quot;camera&quot;:&quot;NIKON D800&quot;,&quot;caption&quot;:&quot;&quot;,&quot;created_timestamp&quot;:&quot;1537625348&quot;,&quot;copyright&quot;:&quot;MBphotos&quot;,&quot;focal_length&quot;:&quot;85&quot;,&quot;iso&quot;:&quot;100&quot;,&quot;shutter_speed&quot;:&quot;0.005&quot;,&quot;title&quot;:&quot;&quot;,&quot;orientation&quot;:&quot;0&quot;}\" data-image-title=\"_8079092\" data-image-description=\"\" data-image-caption=\"&lt;p&gt;Alyz\u00e9e 3&lt;\/p&gt;\n\" data-large-file=\"https:\/\/i0.wp.com\/mbphotos.be\/wp-content\/uploads\/2018\/10\/8079092.jpg?fit=667%2C1000&amp;ssl=1\" data-id=\"2937\" src=\"https:\/\/i0.wp.com\/mbphotos.be\/wp-content\/uploads\/2018\/10\/8079092.jpg?resize=667%2C1000&#038;ssl=1\" alt=\"\" class=\"wp-image-2937\" srcset=\"https:\/\/i0.wp.com\/mbphotos.be\/wp-content\/uploads\/2018\/10\/8079092.jpg?w=667&amp;ssl=1 667w, https:\/\/i0.wp.com\/mbphotos.be\/wp-content\/uploads\/2018\/10\/8079092.jpg?resize=200%2C300&amp;ssl=1 200w\" sizes=\"auto, (max-width: 667px) 100vw, 667px\" \/><figcaption class=\"wp-element-caption\">Alyz\u00e9e 3<\/figcaption><\/figure>\n<\/figure>\n","protected":false},"excerpt":{"rendered":"","protected":false},"author":1,"featured_media":0,"parent":0,"menu_order":0,"comment_status":"open","ping_status":"closed","template":"","meta":{"_seopress_robots_primary_cat":"","_seopress_titles_title":"","_seopress_titles_desc":"shooting ext\u00e9rieur avec Aliz\u00e9e \u00e0 Charleroi (Be)","_seopress_robots_index":"","footnotes":""},"class_list":["post-3246","page","type-page","status-publish","hentry"],"jetpack_sharing_enabled":true,"jetpack_shortlink":"https:\/\/wp.me\/P9qCFt-Qm","_links":{"self":[{"href":"https:\/\/mbphotos.be\/index.php\/wp-json\/wp\/v2\/pages\/3246","targetHints":{"allow":["GET"]}}],"collection":[{"href":"https:\/\/mbphotos.be\/index.php\/wp-json\/wp\/v2\/pages"}],"about":[{"href":"https:\/\/mbphotos.be\/index.php\/wp-json\/wp\/v2\/types\/page"}],"author":[{"embeddable":true,"href":"https:\/\/mbphotos.be\/index.php\/wp-json\/wp\/v2\/users\/1"}],"replies":[{"embeddable":true,"href":"https:\/\/mbphotos.be\/index.php\/wp-json\/wp\/v2\/comments?post=3246"}],"version-history":[{"count":12,"href":"https:\/\/mbphotos.be\/index.php\/wp-json\/wp\/v2\/pages\/3246\/revisions"}],"predecessor-version":[{"id":10017,"href":"https:\/\/mbphotos.be\/index.php\/wp-json\/wp\/v2\/pages\/3246\/revisions\/10017"}],"wp:attachment":[{"href":"https:\/\/mbphotos.be\/index.php\/wp-json\/wp\/v2\/media?parent=3246"}],"curies":[{"name":"wp","href":"https:\/\/api.w.org\/{rel}","templated":true}]}}