{"id":3549,"date":"2019-03-25T11:50:38","date_gmt":"2019-03-25T10:50:38","guid":{"rendered":"http:\/\/mbphotos.be\/?page_id=3549"},"modified":"2023-07-17T19:57:19","modified_gmt":"2023-07-17T17:57:19","slug":"le-chateau-daiseau","status":"publish","type":"page","link":"https:\/\/mbphotos.be\/index.php\/le-chateau-daiseau\/","title":{"rendered":"Le ch\u00e2teau d&rsquo;Aiseau"},"content":{"rendered":"\n<p>Le ch\u00e2teau de <i>\u00ab\u00a0Presles\u00a0\u00bb<\/i> a appartenu successivement et par h\u00e9ritage aux familles de Rumigny, de Haneffe et d&rsquo;Enghien-Havr\u00e9.<\/p>\n\n\n\n<p>En 1625, Herman de Lierneux rach\u00e8te le ch\u00e2teau qui aboutira finalement par h\u00e9ritage dans le giron de la famille d&rsquo;Oultremont, propri\u00e9taires actuels.<\/p>\n\n\n\n<p>La famille d&rsquo;Oultremont fait reconstruire le ch\u00e2teau en 1851<sup id=\"cite_ref-Leloup_1-2\" class=\"reference\"><\/sup> par l&rsquo;architecte Alphonse Balat qui fit appel en 1859-1860 au peintre Fran\u00e7ois Stroobant pour l&rsquo;orner de fresques.<\/p>\n\n\n\n<p><a href=\"https:\/\/fr.wikipedia.org\/wiki\/Ch%C3%A2teau_de_Presles_(Belgique)\" target=\"_blank\" rel=\"noopener noreferrer\">&#8230; Suite<\/a><\/p>\n\n\n\n<p>Ouverture du parc du 9 au 24 mars pour la saison des jonquilles.<\/p>\n\n\n\n<figure class=\"wp-block-gallery has-nested-images columns-4 is-cropped wp-block-gallery-1 is-layout-flex wp-block-gallery-is-layout-flex\">\n<figure class=\"wp-block-image size-large\"><img data-recalc-dims=\"1\" loading=\"lazy\" decoding=\"async\" width=\"1000\" height=\"667\" data-attachment-id=\"3568\" data-permalink=\"https:\/\/mbphotos.be\/index.php\/le-chateau-daiseau\/attachment\/_8072404-2\/\" data-orig-file=\"https:\/\/i0.wp.com\/mbphotos.be\/wp-content\/uploads\/2019\/03\/8072404-2.jpg?fit=1000%2C667&amp;ssl=1\" data-orig-size=\"1000,667\" data-comments-opened=\"1\" data-image-meta=\"{&quot;aperture&quot;:&quot;13&quot;,&quot;credit&quot;:&quot;Marc_BIERNAUX&quot;,&quot;camera&quot;:&quot;NIKON D800&quot;,&quot;caption&quot;:&quot;&quot;,&quot;created_timestamp&quot;:&quot;1553335606&quot;,&quot;copyright&quot;:&quot;MBphotos&quot;,&quot;focal_length&quot;:&quot;24&quot;,&quot;iso&quot;:&quot;100&quot;,&quot;shutter_speed&quot;:&quot;0.04&quot;,&quot;title&quot;:&quot;&quot;,&quot;orientation&quot;:&quot;0&quot;}\" data-image-title=\"_8072404-2\" data-image-description=\"\" data-image-caption=\"\" data-large-file=\"https:\/\/i0.wp.com\/mbphotos.be\/wp-content\/uploads\/2019\/03\/8072404-2.jpg?fit=1000%2C667&amp;ssl=1\" data-id=\"3568\" src=\"https:\/\/i0.wp.com\/mbphotos.be\/wp-content\/uploads\/2019\/03\/8072404-2.jpg?resize=1000%2C667&#038;ssl=1\" alt=\"\" class=\"wp-image-3568\" srcset=\"https:\/\/i0.wp.com\/mbphotos.be\/wp-content\/uploads\/2019\/03\/8072404-2.jpg?w=1000&amp;ssl=1 1000w, https:\/\/i0.wp.com\/mbphotos.be\/wp-content\/uploads\/2019\/03\/8072404-2.jpg?resize=300%2C200&amp;ssl=1 300w, https:\/\/i0.wp.com\/mbphotos.be\/wp-content\/uploads\/2019\/03\/8072404-2.jpg?resize=768%2C512&amp;ssl=1 768w, https:\/\/i0.wp.com\/mbphotos.be\/wp-content\/uploads\/2019\/03\/8072404-2.jpg?resize=360%2C240&amp;ssl=1 360w\" sizes=\"auto, (max-width: 1000px) 100vw, 1000px\" \/><\/figure>\n\n\n\n<figure class=\"wp-block-image size-large\"><img data-recalc-dims=\"1\" loading=\"lazy\" decoding=\"async\" width=\"1000\" height=\"667\" data-attachment-id=\"3558\" data-permalink=\"https:\/\/mbphotos.be\/index.php\/le-chateau-daiseau\/attachment\/_8072558\/\" data-orig-file=\"https:\/\/i0.wp.com\/mbphotos.be\/wp-content\/uploads\/2019\/03\/8072558.jpg?fit=1000%2C667&amp;ssl=1\" data-orig-size=\"1000,667\" data-comments-opened=\"1\" data-image-meta=\"{&quot;aperture&quot;:&quot;18&quot;,&quot;credit&quot;:&quot;Marc_BIERNAUX&quot;,&quot;camera&quot;:&quot;NIKON D800&quot;,&quot;caption&quot;:&quot;&quot;,&quot;created_timestamp&quot;:&quot;1553440131&quot;,&quot;copyright&quot;:&quot;MBphotos&quot;,&quot;focal_length&quot;:&quot;52&quot;,&quot;iso&quot;:&quot;200&quot;,&quot;shutter_speed&quot;:&quot;1&quot;,&quot;title&quot;:&quot;&quot;,&quot;orientation&quot;:&quot;0&quot;}\" data-image-title=\"_8072558\" data-image-description=\"\" data-image-caption=\"\" data-large-file=\"https:\/\/i0.wp.com\/mbphotos.be\/wp-content\/uploads\/2019\/03\/8072558.jpg?fit=1000%2C667&amp;ssl=1\" data-id=\"3558\" src=\"https:\/\/i0.wp.com\/mbphotos.be\/wp-content\/uploads\/2019\/03\/8072558.jpg?resize=1000%2C667&#038;ssl=1\" alt=\"\" class=\"wp-image-3558\" srcset=\"https:\/\/i0.wp.com\/mbphotos.be\/wp-content\/uploads\/2019\/03\/8072558.jpg?w=1000&amp;ssl=1 1000w, https:\/\/i0.wp.com\/mbphotos.be\/wp-content\/uploads\/2019\/03\/8072558.jpg?resize=300%2C200&amp;ssl=1 300w, https:\/\/i0.wp.com\/mbphotos.be\/wp-content\/uploads\/2019\/03\/8072558.jpg?resize=768%2C512&amp;ssl=1 768w, https:\/\/i0.wp.com\/mbphotos.be\/wp-content\/uploads\/2019\/03\/8072558.jpg?resize=360%2C240&amp;ssl=1 360w\" sizes=\"auto, (max-width: 1000px) 100vw, 1000px\" \/><\/figure>\n\n\n\n<figure class=\"wp-block-image size-large\"><img data-recalc-dims=\"1\" loading=\"lazy\" decoding=\"async\" width=\"1000\" height=\"667\" data-attachment-id=\"3560\" data-permalink=\"https:\/\/mbphotos.be\/index.php\/le-chateau-daiseau\/attachment\/_8072571\/\" data-orig-file=\"https:\/\/i0.wp.com\/mbphotos.be\/wp-content\/uploads\/2019\/03\/8072571.jpg?fit=1000%2C667&amp;ssl=1\" data-orig-size=\"1000,667\" data-comments-opened=\"1\" data-image-meta=\"{&quot;aperture&quot;:&quot;11&quot;,&quot;credit&quot;:&quot;Marc_BIERNAUX&quot;,&quot;camera&quot;:&quot;NIKON D800&quot;,&quot;caption&quot;:&quot;&quot;,&quot;created_timestamp&quot;:&quot;1553442538&quot;,&quot;copyright&quot;:&quot;MBphotos&quot;,&quot;focal_length&quot;:&quot;48&quot;,&quot;iso&quot;:&quot;200&quot;,&quot;shutter_speed&quot;:&quot;0.00625&quot;,&quot;title&quot;:&quot;&quot;,&quot;orientation&quot;:&quot;0&quot;}\" data-image-title=\"_8072571\" data-image-description=\"\" data-image-caption=\"\" data-large-file=\"https:\/\/i0.wp.com\/mbphotos.be\/wp-content\/uploads\/2019\/03\/8072571.jpg?fit=1000%2C667&amp;ssl=1\" data-id=\"3560\" src=\"https:\/\/i0.wp.com\/mbphotos.be\/wp-content\/uploads\/2019\/03\/8072571.jpg?resize=1000%2C667&#038;ssl=1\" alt=\"\" class=\"wp-image-3560\" srcset=\"https:\/\/i0.wp.com\/mbphotos.be\/wp-content\/uploads\/2019\/03\/8072571.jpg?w=1000&amp;ssl=1 1000w, https:\/\/i0.wp.com\/mbphotos.be\/wp-content\/uploads\/2019\/03\/8072571.jpg?resize=300%2C200&amp;ssl=1 300w, https:\/\/i0.wp.com\/mbphotos.be\/wp-content\/uploads\/2019\/03\/8072571.jpg?resize=768%2C512&amp;ssl=1 768w, https:\/\/i0.wp.com\/mbphotos.be\/wp-content\/uploads\/2019\/03\/8072571.jpg?resize=360%2C240&amp;ssl=1 360w\" sizes=\"auto, (max-width: 1000px) 100vw, 1000px\" \/><\/figure>\n\n\n\n<figure class=\"wp-block-image size-large\"><img data-recalc-dims=\"1\" loading=\"lazy\" decoding=\"async\" width=\"1000\" height=\"667\" data-attachment-id=\"3552\" data-permalink=\"https:\/\/mbphotos.be\/index.php\/le-chateau-daiseau\/attachment\/_8072428\/\" data-orig-file=\"https:\/\/i0.wp.com\/mbphotos.be\/wp-content\/uploads\/2019\/03\/8072428.jpg?fit=1000%2C667&amp;ssl=1\" data-orig-size=\"1000,667\" data-comments-opened=\"1\" data-image-meta=\"{&quot;aperture&quot;:&quot;29&quot;,&quot;credit&quot;:&quot;Marc_BIERNAUX&quot;,&quot;camera&quot;:&quot;NIKON D800&quot;,&quot;caption&quot;:&quot;&quot;,&quot;created_timestamp&quot;:&quot;1553337924&quot;,&quot;copyright&quot;:&quot;MBphotos&quot;,&quot;focal_length&quot;:&quot;40&quot;,&quot;iso&quot;:&quot;100&quot;,&quot;shutter_speed&quot;:&quot;0.6&quot;,&quot;title&quot;:&quot;&quot;,&quot;orientation&quot;:&quot;0&quot;}\" data-image-title=\"_8072428\" data-image-description=\"\" data-image-caption=\"\" data-large-file=\"https:\/\/i0.wp.com\/mbphotos.be\/wp-content\/uploads\/2019\/03\/8072428.jpg?fit=1000%2C667&amp;ssl=1\" data-id=\"3552\" src=\"https:\/\/i0.wp.com\/mbphotos.be\/wp-content\/uploads\/2019\/03\/8072428.jpg?resize=1000%2C667&#038;ssl=1\" alt=\"\" class=\"wp-image-3552\" srcset=\"https:\/\/i0.wp.com\/mbphotos.be\/wp-content\/uploads\/2019\/03\/8072428.jpg?w=1000&amp;ssl=1 1000w, https:\/\/i0.wp.com\/mbphotos.be\/wp-content\/uploads\/2019\/03\/8072428.jpg?resize=300%2C200&amp;ssl=1 300w, https:\/\/i0.wp.com\/mbphotos.be\/wp-content\/uploads\/2019\/03\/8072428.jpg?resize=768%2C512&amp;ssl=1 768w, https:\/\/i0.wp.com\/mbphotos.be\/wp-content\/uploads\/2019\/03\/8072428.jpg?resize=360%2C240&amp;ssl=1 360w\" sizes=\"auto, (max-width: 1000px) 100vw, 1000px\" \/><\/figure>\n\n\n\n<figure class=\"wp-block-image size-large\"><img data-recalc-dims=\"1\" loading=\"lazy\" decoding=\"async\" width=\"667\" height=\"1000\" data-attachment-id=\"3553\" data-permalink=\"https:\/\/mbphotos.be\/index.php\/le-chateau-daiseau\/attachment\/_8072442\/\" data-orig-file=\"https:\/\/i0.wp.com\/mbphotos.be\/wp-content\/uploads\/2019\/03\/8072442.jpg?fit=667%2C1000&amp;ssl=1\" data-orig-size=\"667,1000\" data-comments-opened=\"1\" data-image-meta=\"{&quot;aperture&quot;:&quot;9&quot;,&quot;credit&quot;:&quot;Marc_BIERNAUX&quot;,&quot;camera&quot;:&quot;NIKON D800&quot;,&quot;caption&quot;:&quot;&quot;,&quot;created_timestamp&quot;:&quot;1553340626&quot;,&quot;copyright&quot;:&quot;MBphotos&quot;,&quot;focal_length&quot;:&quot;24&quot;,&quot;iso&quot;:&quot;100&quot;,&quot;shutter_speed&quot;:&quot;0.01&quot;,&quot;title&quot;:&quot;&quot;,&quot;orientation&quot;:&quot;0&quot;}\" data-image-title=\"_8072442\" data-image-description=\"\" data-image-caption=\"\" data-large-file=\"https:\/\/i0.wp.com\/mbphotos.be\/wp-content\/uploads\/2019\/03\/8072442.jpg?fit=667%2C1000&amp;ssl=1\" data-id=\"3553\" src=\"https:\/\/i0.wp.com\/mbphotos.be\/wp-content\/uploads\/2019\/03\/8072442.jpg?resize=667%2C1000&#038;ssl=1\" alt=\"\" class=\"wp-image-3553\" srcset=\"https:\/\/i0.wp.com\/mbphotos.be\/wp-content\/uploads\/2019\/03\/8072442.jpg?w=667&amp;ssl=1 667w, https:\/\/i0.wp.com\/mbphotos.be\/wp-content\/uploads\/2019\/03\/8072442.jpg?resize=200%2C300&amp;ssl=1 200w\" sizes=\"auto, (max-width: 667px) 100vw, 667px\" \/><\/figure>\n\n\n\n<figure class=\"wp-block-image size-large\"><img data-recalc-dims=\"1\" loading=\"lazy\" decoding=\"async\" width=\"667\" height=\"1000\" data-attachment-id=\"3556\" data-permalink=\"https:\/\/mbphotos.be\/index.php\/le-chateau-daiseau\/attachment\/_8072543\/\" data-orig-file=\"https:\/\/i0.wp.com\/mbphotos.be\/wp-content\/uploads\/2019\/03\/8072543.jpg?fit=667%2C1000&amp;ssl=1\" data-orig-size=\"667,1000\" data-comments-opened=\"1\" data-image-meta=\"{&quot;aperture&quot;:&quot;8&quot;,&quot;credit&quot;:&quot;Marc_BIERNAUX&quot;,&quot;camera&quot;:&quot;NIKON D800&quot;,&quot;caption&quot;:&quot;&quot;,&quot;created_timestamp&quot;:&quot;1553438403&quot;,&quot;copyright&quot;:&quot;MBphotos&quot;,&quot;focal_length&quot;:&quot;24&quot;,&quot;iso&quot;:&quot;200&quot;,&quot;shutter_speed&quot;:&quot;0.005&quot;,&quot;title&quot;:&quot;&quot;,&quot;orientation&quot;:&quot;0&quot;}\" data-image-title=\"_8072543\" data-image-description=\"\" data-image-caption=\"\" data-large-file=\"https:\/\/i0.wp.com\/mbphotos.be\/wp-content\/uploads\/2019\/03\/8072543.jpg?fit=667%2C1000&amp;ssl=1\" data-id=\"3556\" src=\"https:\/\/i0.wp.com\/mbphotos.be\/wp-content\/uploads\/2019\/03\/8072543.jpg?resize=667%2C1000&#038;ssl=1\" alt=\"\" class=\"wp-image-3556\" srcset=\"https:\/\/i0.wp.com\/mbphotos.be\/wp-content\/uploads\/2019\/03\/8072543.jpg?w=667&amp;ssl=1 667w, https:\/\/i0.wp.com\/mbphotos.be\/wp-content\/uploads\/2019\/03\/8072543.jpg?resize=200%2C300&amp;ssl=1 200w\" sizes=\"auto, (max-width: 667px) 100vw, 667px\" \/><\/figure>\n\n\n\n<figure class=\"wp-block-image size-large\"><img data-recalc-dims=\"1\" loading=\"lazy\" decoding=\"async\" width=\"667\" height=\"1000\" data-attachment-id=\"3554\" data-permalink=\"https:\/\/mbphotos.be\/index.php\/le-chateau-daiseau\/attachment\/_8072457\/\" data-orig-file=\"https:\/\/i0.wp.com\/mbphotos.be\/wp-content\/uploads\/2019\/03\/8072457.jpg?fit=667%2C1000&amp;ssl=1\" data-orig-size=\"667,1000\" data-comments-opened=\"1\" data-image-meta=\"{&quot;aperture&quot;:&quot;22&quot;,&quot;credit&quot;:&quot;Marc_BIERNAUX&quot;,&quot;camera&quot;:&quot;NIKON D800&quot;,&quot;caption&quot;:&quot;&quot;,&quot;created_timestamp&quot;:&quot;1553341227&quot;,&quot;copyright&quot;:&quot;MBphotos&quot;,&quot;focal_length&quot;:&quot;24&quot;,&quot;iso&quot;:&quot;100&quot;,&quot;shutter_speed&quot;:&quot;0.04&quot;,&quot;title&quot;:&quot;&quot;,&quot;orientation&quot;:&quot;0&quot;}\" data-image-title=\"_8072457\" data-image-description=\"\" data-image-caption=\"\" data-large-file=\"https:\/\/i0.wp.com\/mbphotos.be\/wp-content\/uploads\/2019\/03\/8072457.jpg?fit=667%2C1000&amp;ssl=1\" data-id=\"3554\" src=\"https:\/\/i0.wp.com\/mbphotos.be\/wp-content\/uploads\/2019\/03\/8072457.jpg?resize=667%2C1000&#038;ssl=1\" alt=\"\" class=\"wp-image-3554\" srcset=\"https:\/\/i0.wp.com\/mbphotos.be\/wp-content\/uploads\/2019\/03\/8072457.jpg?w=667&amp;ssl=1 667w, https:\/\/i0.wp.com\/mbphotos.be\/wp-content\/uploads\/2019\/03\/8072457.jpg?resize=200%2C300&amp;ssl=1 200w\" sizes=\"auto, (max-width: 667px) 100vw, 667px\" \/><\/figure>\n\n\n\n<figure class=\"wp-block-image size-large\"><img data-recalc-dims=\"1\" loading=\"lazy\" decoding=\"async\" width=\"667\" height=\"1000\" data-attachment-id=\"3557\" data-permalink=\"https:\/\/mbphotos.be\/index.php\/le-chateau-daiseau\/attachment\/_8072551\/\" data-orig-file=\"https:\/\/i0.wp.com\/mbphotos.be\/wp-content\/uploads\/2019\/03\/8072551.jpg?fit=667%2C1000&amp;ssl=1\" data-orig-size=\"667,1000\" data-comments-opened=\"1\" data-image-meta=\"{&quot;aperture&quot;:&quot;9&quot;,&quot;credit&quot;:&quot;Marc_BIERNAUX&quot;,&quot;camera&quot;:&quot;NIKON D800&quot;,&quot;caption&quot;:&quot;&quot;,&quot;created_timestamp&quot;:&quot;1553438650&quot;,&quot;copyright&quot;:&quot;MBphotos&quot;,&quot;focal_length&quot;:&quot;21&quot;,&quot;iso&quot;:&quot;200&quot;,&quot;shutter_speed&quot;:&quot;0.005&quot;,&quot;title&quot;:&quot;&quot;,&quot;orientation&quot;:&quot;0&quot;}\" data-image-title=\"_8072551\" data-image-description=\"\" data-image-caption=\"\" data-large-file=\"https:\/\/i0.wp.com\/mbphotos.be\/wp-content\/uploads\/2019\/03\/8072551.jpg?fit=667%2C1000&amp;ssl=1\" data-id=\"3557\" src=\"https:\/\/i0.wp.com\/mbphotos.be\/wp-content\/uploads\/2019\/03\/8072551.jpg?resize=667%2C1000&#038;ssl=1\" alt=\"\" class=\"wp-image-3557\" srcset=\"https:\/\/i0.wp.com\/mbphotos.be\/wp-content\/uploads\/2019\/03\/8072551.jpg?w=667&amp;ssl=1 667w, https:\/\/i0.wp.com\/mbphotos.be\/wp-content\/uploads\/2019\/03\/8072551.jpg?resize=200%2C300&amp;ssl=1 200w\" sizes=\"auto, (max-width: 667px) 100vw, 667px\" \/><\/figure>\n\n\n\n<figure class=\"wp-block-image size-large\"><img data-recalc-dims=\"1\" loading=\"lazy\" decoding=\"async\" width=\"1000\" height=\"667\" data-attachment-id=\"3551\" data-permalink=\"https:\/\/mbphotos.be\/index.php\/le-chateau-daiseau\/attachment\/_8072425\/\" data-orig-file=\"https:\/\/i0.wp.com\/mbphotos.be\/wp-content\/uploads\/2019\/03\/8072425.jpg?fit=1000%2C667&amp;ssl=1\" data-orig-size=\"1000,667\" data-comments-opened=\"1\" data-image-meta=\"{&quot;aperture&quot;:&quot;18&quot;,&quot;credit&quot;:&quot;Marc_BIERNAUX&quot;,&quot;camera&quot;:&quot;NIKON D800&quot;,&quot;caption&quot;:&quot;&quot;,&quot;created_timestamp&quot;:&quot;1553337558&quot;,&quot;copyright&quot;:&quot;MBphotos&quot;,&quot;focal_length&quot;:&quot;85&quot;,&quot;iso&quot;:&quot;100&quot;,&quot;shutter_speed&quot;:&quot;6&quot;,&quot;title&quot;:&quot;&quot;,&quot;orientation&quot;:&quot;0&quot;}\" data-image-title=\"_8072425\" data-image-description=\"\" data-image-caption=\"\" data-large-file=\"https:\/\/i0.wp.com\/mbphotos.be\/wp-content\/uploads\/2019\/03\/8072425.jpg?fit=1000%2C667&amp;ssl=1\" data-id=\"3551\" src=\"https:\/\/i0.wp.com\/mbphotos.be\/wp-content\/uploads\/2019\/03\/8072425.jpg?resize=1000%2C667&#038;ssl=1\" alt=\"\" class=\"wp-image-3551\" srcset=\"https:\/\/i0.wp.com\/mbphotos.be\/wp-content\/uploads\/2019\/03\/8072425.jpg?w=1000&amp;ssl=1 1000w, https:\/\/i0.wp.com\/mbphotos.be\/wp-content\/uploads\/2019\/03\/8072425.jpg?resize=300%2C200&amp;ssl=1 300w, https:\/\/i0.wp.com\/mbphotos.be\/wp-content\/uploads\/2019\/03\/8072425.jpg?resize=768%2C512&amp;ssl=1 768w, https:\/\/i0.wp.com\/mbphotos.be\/wp-content\/uploads\/2019\/03\/8072425.jpg?resize=360%2C240&amp;ssl=1 360w\" sizes=\"auto, (max-width: 1000px) 100vw, 1000px\" \/><\/figure>\n\n\n\n<figure class=\"wp-block-image size-large\"><img data-recalc-dims=\"1\" loading=\"lazy\" decoding=\"async\" width=\"667\" height=\"1000\" data-attachment-id=\"3559\" data-permalink=\"https:\/\/mbphotos.be\/index.php\/le-chateau-daiseau\/attachment\/_8072568\/\" data-orig-file=\"https:\/\/i0.wp.com\/mbphotos.be\/wp-content\/uploads\/2019\/03\/8072568.jpg?fit=667%2C1000&amp;ssl=1\" data-orig-size=\"667,1000\" data-comments-opened=\"1\" data-image-meta=\"{&quot;aperture&quot;:&quot;16&quot;,&quot;credit&quot;:&quot;Marc_BIERNAUX&quot;,&quot;camera&quot;:&quot;NIKON D800&quot;,&quot;caption&quot;:&quot;&quot;,&quot;created_timestamp&quot;:&quot;1553441623&quot;,&quot;copyright&quot;:&quot;MBphotos&quot;,&quot;focal_length&quot;:&quot;24&quot;,&quot;iso&quot;:&quot;200&quot;,&quot;shutter_speed&quot;:&quot;0.0125&quot;,&quot;title&quot;:&quot;&quot;,&quot;orientation&quot;:&quot;0&quot;}\" data-image-title=\"_8072568\" data-image-description=\"\" data-image-caption=\"\" data-large-file=\"https:\/\/i0.wp.com\/mbphotos.be\/wp-content\/uploads\/2019\/03\/8072568.jpg?fit=667%2C1000&amp;ssl=1\" data-id=\"3559\" src=\"https:\/\/i0.wp.com\/mbphotos.be\/wp-content\/uploads\/2019\/03\/8072568.jpg?resize=667%2C1000&#038;ssl=1\" alt=\"\" class=\"wp-image-3559\" srcset=\"https:\/\/i0.wp.com\/mbphotos.be\/wp-content\/uploads\/2019\/03\/8072568.jpg?w=667&amp;ssl=1 667w, https:\/\/i0.wp.com\/mbphotos.be\/wp-content\/uploads\/2019\/03\/8072568.jpg?resize=200%2C300&amp;ssl=1 200w\" sizes=\"auto, (max-width: 667px) 100vw, 667px\" \/><\/figure>\n\n\n\n<figure class=\"wp-block-image size-large\"><img data-recalc-dims=\"1\" loading=\"lazy\" decoding=\"async\" width=\"1000\" height=\"667\" data-attachment-id=\"3555\" data-permalink=\"https:\/\/mbphotos.be\/index.php\/le-chateau-daiseau\/attachment\/_8072537\/\" data-orig-file=\"https:\/\/i0.wp.com\/mbphotos.be\/wp-content\/uploads\/2019\/03\/8072537.jpg?fit=1000%2C667&amp;ssl=1\" data-orig-size=\"1000,667\" data-comments-opened=\"1\" data-image-meta=\"{&quot;aperture&quot;:&quot;8&quot;,&quot;credit&quot;:&quot;Marc_BIERNAUX&quot;,&quot;camera&quot;:&quot;NIKON D800&quot;,&quot;caption&quot;:&quot;&quot;,&quot;created_timestamp&quot;:&quot;1553437151&quot;,&quot;copyright&quot;:&quot;MBphotos&quot;,&quot;focal_length&quot;:&quot;24&quot;,&quot;iso&quot;:&quot;100&quot;,&quot;shutter_speed&quot;:&quot;0.008&quot;,&quot;title&quot;:&quot;&quot;,&quot;orientation&quot;:&quot;0&quot;}\" data-image-title=\"_8072537\" data-image-description=\"\" data-image-caption=\"\" data-large-file=\"https:\/\/i0.wp.com\/mbphotos.be\/wp-content\/uploads\/2019\/03\/8072537.jpg?fit=1000%2C667&amp;ssl=1\" data-id=\"3555\" src=\"https:\/\/i0.wp.com\/mbphotos.be\/wp-content\/uploads\/2019\/03\/8072537.jpg?resize=1000%2C667&#038;ssl=1\" alt=\"\" class=\"wp-image-3555\" srcset=\"https:\/\/i0.wp.com\/mbphotos.be\/wp-content\/uploads\/2019\/03\/8072537.jpg?w=1000&amp;ssl=1 1000w, https:\/\/i0.wp.com\/mbphotos.be\/wp-content\/uploads\/2019\/03\/8072537.jpg?resize=300%2C200&amp;ssl=1 300w, https:\/\/i0.wp.com\/mbphotos.be\/wp-content\/uploads\/2019\/03\/8072537.jpg?resize=768%2C512&amp;ssl=1 768w, https:\/\/i0.wp.com\/mbphotos.be\/wp-content\/uploads\/2019\/03\/8072537.jpg?resize=360%2C240&amp;ssl=1 360w\" sizes=\"auto, (max-width: 1000px) 100vw, 1000px\" \/><\/figure>\n<\/figure>\n","protected":false},"excerpt":{"rendered":"<p>Le ch\u00e2teau de \u00ab\u00a0Presles\u00a0\u00bb a appartenu successivement et par h\u00e9ritage aux familles de Rumigny, de Haneffe et d&rsquo;Enghien-Havr\u00e9. En 1625, Herman de Lierneux rach\u00e8te le ch\u00e2teau qui aboutira finalement par h\u00e9ritage dans le giron de la famille d&rsquo;Oultremont, propri\u00e9taires actuels. La famille d&rsquo;Oultremont fait reconstruire le ch\u00e2teau en 1851 par l&rsquo;architecte Alphonse Balat qui fit [&hellip;]<\/p>\n","protected":false},"author":1,"featured_media":0,"parent":0,"menu_order":0,"comment_status":"closed","ping_status":"closed","template":"","meta":{"_seopress_robots_primary_cat":"","_seopress_titles_title":"","_seopress_titles_desc":"","_seopress_robots_index":"","footnotes":""},"class_list":["post-3549","page","type-page","status-publish","hentry"],"jetpack_sharing_enabled":true,"jetpack_shortlink":"https:\/\/wp.me\/P9qCFt-Vf","_links":{"self":[{"href":"https:\/\/mbphotos.be\/index.php\/wp-json\/wp\/v2\/pages\/3549","targetHints":{"allow":["GET"]}}],"collection":[{"href":"https:\/\/mbphotos.be\/index.php\/wp-json\/wp\/v2\/pages"}],"about":[{"href":"https:\/\/mbphotos.be\/index.php\/wp-json\/wp\/v2\/types\/page"}],"author":[{"embeddable":true,"href":"https:\/\/mbphotos.be\/index.php\/wp-json\/wp\/v2\/users\/1"}],"replies":[{"embeddable":true,"href":"https:\/\/mbphotos.be\/index.php\/wp-json\/wp\/v2\/comments?post=3549"}],"version-history":[{"count":8,"href":"https:\/\/mbphotos.be\/index.php\/wp-json\/wp\/v2\/pages\/3549\/revisions"}],"predecessor-version":[{"id":10048,"href":"https:\/\/mbphotos.be\/index.php\/wp-json\/wp\/v2\/pages\/3549\/revisions\/10048"}],"wp:attachment":[{"href":"https:\/\/mbphotos.be\/index.php\/wp-json\/wp\/v2\/media?parent=3549"}],"curies":[{"name":"wp","href":"https:\/\/api.w.org\/{rel}","templated":true}]}}