{"id":4641,"date":"2019-10-09T14:53:57","date_gmt":"2019-10-09T12:53:57","guid":{"rendered":"http:\/\/mbphotos.be\/?page_id=4641"},"modified":"2021-04-04T19:21:23","modified_gmt":"2021-04-04T17:21:23","slug":"choe","status":"publish","type":"page","link":"https:\/\/mbphotos.be\/index.php\/choe\/","title":{"rendered":"Chlo\u00e9"},"content":{"rendered":"<p>L\u00e9 06 octobre 2019\u00a0 \u00e0 5h52, \u00ab\u00a0Notre petite Chlo\u00e9 a d\u00e9cid\u00e9 de point\u00e9 le petit bout de son nez \u00a0\u00bb<\/p>\n<div data-carousel-extra='{&quot;blog_id&quot;:1,&quot;permalink&quot;:&quot;https:\/\/mbphotos.be\/index.php\/choe\/&quot;}' id='gallery-1' class='gallery galleryid-4641 gallery-columns-4 gallery-size-thumbnail'><figure class='gallery-item'>\n\t\t\t<div class='gallery-icon landscape'>\n\t\t\t\t<a href='https:\/\/mbphotos.be\/index.php\/choe\/attachment\/dscf6891\/'><img loading=\"lazy\" decoding=\"async\" width=\"150\" height=\"150\" src=\"https:\/\/i0.wp.com\/mbphotos.be\/wp-content\/uploads\/2019\/10\/DSCF6891.jpg?resize=150%2C150&amp;ssl=1\" class=\"attachment-thumbnail size-thumbnail\" alt=\"\" srcset=\"https:\/\/i0.wp.com\/mbphotos.be\/wp-content\/uploads\/2019\/10\/DSCF6891.jpg?resize=150%2C150&amp;ssl=1 150w, https:\/\/i0.wp.com\/mbphotos.be\/wp-content\/uploads\/2019\/10\/DSCF6891.jpg?resize=50%2C50&amp;ssl=1 50w, https:\/\/i0.wp.com\/mbphotos.be\/wp-content\/uploads\/2019\/10\/DSCF6891.jpg?zoom=2&amp;resize=150%2C150&amp;ssl=1 300w, https:\/\/i0.wp.com\/mbphotos.be\/wp-content\/uploads\/2019\/10\/DSCF6891.jpg?zoom=3&amp;resize=150%2C150&amp;ssl=1 450w\" sizes=\"auto, (max-width: 150px) 100vw, 150px\" data-attachment-id=\"4647\" data-permalink=\"https:\/\/mbphotos.be\/index.php\/choe\/attachment\/dscf6891\/\" data-orig-file=\"https:\/\/i0.wp.com\/mbphotos.be\/wp-content\/uploads\/2019\/10\/DSCF6891.jpg?fit=4367%2C2911&amp;ssl=1\" data-orig-size=\"4367,2911\" data-comments-opened=\"1\" data-image-meta=\"{&quot;aperture&quot;:&quot;0&quot;,&quot;credit&quot;:&quot;&quot;,&quot;camera&quot;:&quot;&quot;,&quot;caption&quot;:&quot;&quot;,&quot;created_timestamp&quot;:&quot;0&quot;,&quot;copyright&quot;:&quot;MB Photos Tous droits reserves&quot;,&quot;focal_length&quot;:&quot;0&quot;,&quot;iso&quot;:&quot;0&quot;,&quot;shutter_speed&quot;:&quot;0&quot;,&quot;title&quot;:&quot;&quot;,&quot;orientation&quot;:&quot;0&quot;}\" data-image-title=\"DSCF6891\" data-image-description=\"\" data-image-caption=\"\" data-large-file=\"https:\/\/i0.wp.com\/mbphotos.be\/wp-content\/uploads\/2019\/10\/DSCF6891.jpg?fit=1024%2C683&amp;ssl=1\" \/><\/a>\n\t\t\t<\/div><\/figure><figure class='gallery-item'>\n\t\t\t<div class='gallery-icon landscape'>\n\t\t\t\t<a href='https:\/\/mbphotos.be\/index.php\/choe\/attachment\/dscf6877\/'><img loading=\"lazy\" decoding=\"async\" width=\"150\" height=\"150\" src=\"https:\/\/i0.wp.com\/mbphotos.be\/wp-content\/uploads\/2019\/10\/DSCF6877.jpg?resize=150%2C150&amp;ssl=1\" class=\"attachment-thumbnail size-thumbnail\" alt=\"\" srcset=\"https:\/\/i0.wp.com\/mbphotos.be\/wp-content\/uploads\/2019\/10\/DSCF6877.jpg?resize=150%2C150&amp;ssl=1 150w, https:\/\/i0.wp.com\/mbphotos.be\/wp-content\/uploads\/2019\/10\/DSCF6877.jpg?resize=50%2C50&amp;ssl=1 50w, https:\/\/i0.wp.com\/mbphotos.be\/wp-content\/uploads\/2019\/10\/DSCF6877.jpg?zoom=2&amp;resize=150%2C150&amp;ssl=1 300w, https:\/\/i0.wp.com\/mbphotos.be\/wp-content\/uploads\/2019\/10\/DSCF6877.jpg?zoom=3&amp;resize=150%2C150&amp;ssl=1 450w\" sizes=\"auto, (max-width: 150px) 100vw, 150px\" data-attachment-id=\"4646\" data-permalink=\"https:\/\/mbphotos.be\/index.php\/choe\/attachment\/dscf6877\/\" data-orig-file=\"https:\/\/i0.wp.com\/mbphotos.be\/wp-content\/uploads\/2019\/10\/DSCF6877.jpg?fit=2964%2C2371&amp;ssl=1\" data-orig-size=\"2964,2371\" data-comments-opened=\"1\" data-image-meta=\"{&quot;aperture&quot;:&quot;0&quot;,&quot;credit&quot;:&quot;&quot;,&quot;camera&quot;:&quot;&quot;,&quot;caption&quot;:&quot;&quot;,&quot;created_timestamp&quot;:&quot;0&quot;,&quot;copyright&quot;:&quot;MBPhotos&quot;,&quot;focal_length&quot;:&quot;0&quot;,&quot;iso&quot;:&quot;0&quot;,&quot;shutter_speed&quot;:&quot;0&quot;,&quot;title&quot;:&quot;&quot;,&quot;orientation&quot;:&quot;0&quot;}\" data-image-title=\"DSCF6877\" data-image-description=\"\" data-image-caption=\"\" data-large-file=\"https:\/\/i0.wp.com\/mbphotos.be\/wp-content\/uploads\/2019\/10\/DSCF6877.jpg?fit=1024%2C819&amp;ssl=1\" \/><\/a>\n\t\t\t<\/div><\/figure><figure class='gallery-item'>\n\t\t\t<div class='gallery-icon landscape'>\n\t\t\t\t<a href='https:\/\/mbphotos.be\/index.php\/choe\/attachment\/dscf6905\/'><img loading=\"lazy\" decoding=\"async\" width=\"150\" height=\"150\" src=\"https:\/\/i0.wp.com\/mbphotos.be\/wp-content\/uploads\/2019\/10\/DSCF6905.jpg?resize=150%2C150&amp;ssl=1\" class=\"attachment-thumbnail size-thumbnail\" alt=\"\" srcset=\"https:\/\/i0.wp.com\/mbphotos.be\/wp-content\/uploads\/2019\/10\/DSCF6905.jpg?resize=150%2C150&amp;ssl=1 150w, https:\/\/i0.wp.com\/mbphotos.be\/wp-content\/uploads\/2019\/10\/DSCF6905.jpg?resize=50%2C50&amp;ssl=1 50w, https:\/\/i0.wp.com\/mbphotos.be\/wp-content\/uploads\/2019\/10\/DSCF6905.jpg?zoom=2&amp;resize=150%2C150&amp;ssl=1 300w, https:\/\/i0.wp.com\/mbphotos.be\/wp-content\/uploads\/2019\/10\/DSCF6905.jpg?zoom=3&amp;resize=150%2C150&amp;ssl=1 450w\" sizes=\"auto, (max-width: 150px) 100vw, 150px\" data-attachment-id=\"4648\" data-permalink=\"https:\/\/mbphotos.be\/index.php\/choe\/attachment\/dscf6905\/\" data-orig-file=\"https:\/\/i0.wp.com\/mbphotos.be\/wp-content\/uploads\/2019\/10\/DSCF6905.jpg?fit=4308%2C2872&amp;ssl=1\" data-orig-size=\"4308,2872\" data-comments-opened=\"1\" data-image-meta=\"{&quot;aperture&quot;:&quot;0&quot;,&quot;credit&quot;:&quot;&quot;,&quot;camera&quot;:&quot;&quot;,&quot;caption&quot;:&quot;&quot;,&quot;created_timestamp&quot;:&quot;0&quot;,&quot;copyright&quot;:&quot;MBPhotos&quot;,&quot;focal_length&quot;:&quot;0&quot;,&quot;iso&quot;:&quot;0&quot;,&quot;shutter_speed&quot;:&quot;0&quot;,&quot;title&quot;:&quot;&quot;,&quot;orientation&quot;:&quot;0&quot;}\" data-image-title=\"DSCF6905\" data-image-description=\"\" data-image-caption=\"\" data-large-file=\"https:\/\/i0.wp.com\/mbphotos.be\/wp-content\/uploads\/2019\/10\/DSCF6905.jpg?fit=1024%2C683&amp;ssl=1\" \/><\/a>\n\t\t\t<\/div><\/figure><figure class='gallery-item'>\n\t\t\t<div class='gallery-icon landscape'>\n\t\t\t\t<a href='https:\/\/mbphotos.be\/index.php\/choe\/attachment\/dscf6906\/'><img loading=\"lazy\" decoding=\"async\" width=\"150\" height=\"150\" src=\"https:\/\/i0.wp.com\/mbphotos.be\/wp-content\/uploads\/2019\/10\/DSCF6906.jpg?resize=150%2C150&amp;ssl=1\" class=\"attachment-thumbnail size-thumbnail\" alt=\"\" srcset=\"https:\/\/i0.wp.com\/mbphotos.be\/wp-content\/uploads\/2019\/10\/DSCF6906.jpg?resize=150%2C150&amp;ssl=1 150w, https:\/\/i0.wp.com\/mbphotos.be\/wp-content\/uploads\/2019\/10\/DSCF6906.jpg?resize=50%2C50&amp;ssl=1 50w, https:\/\/i0.wp.com\/mbphotos.be\/wp-content\/uploads\/2019\/10\/DSCF6906.jpg?zoom=2&amp;resize=150%2C150&amp;ssl=1 300w, https:\/\/i0.wp.com\/mbphotos.be\/wp-content\/uploads\/2019\/10\/DSCF6906.jpg?zoom=3&amp;resize=150%2C150&amp;ssl=1 450w\" sizes=\"auto, (max-width: 150px) 100vw, 150px\" data-attachment-id=\"4649\" data-permalink=\"https:\/\/mbphotos.be\/index.php\/choe\/attachment\/dscf6906\/\" data-orig-file=\"https:\/\/i0.wp.com\/mbphotos.be\/wp-content\/uploads\/2019\/10\/DSCF6906.jpg?fit=3262%2C2175&amp;ssl=1\" data-orig-size=\"3262,2175\" data-comments-opened=\"1\" data-image-meta=\"{&quot;aperture&quot;:&quot;0&quot;,&quot;credit&quot;:&quot;&quot;,&quot;camera&quot;:&quot;&quot;,&quot;caption&quot;:&quot;&quot;,&quot;created_timestamp&quot;:&quot;0&quot;,&quot;copyright&quot;:&quot;MBPhotos&quot;,&quot;focal_length&quot;:&quot;0&quot;,&quot;iso&quot;:&quot;0&quot;,&quot;shutter_speed&quot;:&quot;0&quot;,&quot;title&quot;:&quot;&quot;,&quot;orientation&quot;:&quot;0&quot;}\" data-image-title=\"DSCF6906\" data-image-description=\"\" data-image-caption=\"\" data-large-file=\"https:\/\/i0.wp.com\/mbphotos.be\/wp-content\/uploads\/2019\/10\/DSCF6906.jpg?fit=1024%2C683&amp;ssl=1\" \/><\/a>\n\t\t\t<\/div><\/figure><figure class='gallery-item'>\n\t\t\t<div class='gallery-icon landscape'>\n\t\t\t\t<a href='https:\/\/mbphotos.be\/index.php\/choe\/attachment\/dscf6910\/'><img loading=\"lazy\" decoding=\"async\" width=\"150\" height=\"150\" src=\"https:\/\/i0.wp.com\/mbphotos.be\/wp-content\/uploads\/2019\/10\/DSCF6910.jpg?resize=150%2C150&amp;ssl=1\" class=\"attachment-thumbnail size-thumbnail\" alt=\"\" srcset=\"https:\/\/i0.wp.com\/mbphotos.be\/wp-content\/uploads\/2019\/10\/DSCF6910.jpg?resize=150%2C150&amp;ssl=1 150w, https:\/\/i0.wp.com\/mbphotos.be\/wp-content\/uploads\/2019\/10\/DSCF6910.jpg?resize=50%2C50&amp;ssl=1 50w, https:\/\/i0.wp.com\/mbphotos.be\/wp-content\/uploads\/2019\/10\/DSCF6910.jpg?zoom=2&amp;resize=150%2C150&amp;ssl=1 300w, https:\/\/i0.wp.com\/mbphotos.be\/wp-content\/uploads\/2019\/10\/DSCF6910.jpg?zoom=3&amp;resize=150%2C150&amp;ssl=1 450w\" sizes=\"auto, (max-width: 150px) 100vw, 150px\" data-attachment-id=\"4650\" data-permalink=\"https:\/\/mbphotos.be\/index.php\/choe\/attachment\/dscf6910\/\" data-orig-file=\"https:\/\/i0.wp.com\/mbphotos.be\/wp-content\/uploads\/2019\/10\/DSCF6910.jpg?fit=3798%2C2532&amp;ssl=1\" data-orig-size=\"3798,2532\" data-comments-opened=\"1\" data-image-meta=\"{&quot;aperture&quot;:&quot;0&quot;,&quot;credit&quot;:&quot;&quot;,&quot;camera&quot;:&quot;&quot;,&quot;caption&quot;:&quot;&quot;,&quot;created_timestamp&quot;:&quot;0&quot;,&quot;copyright&quot;:&quot;MBPhotos&quot;,&quot;focal_length&quot;:&quot;0&quot;,&quot;iso&quot;:&quot;0&quot;,&quot;shutter_speed&quot;:&quot;0&quot;,&quot;title&quot;:&quot;&quot;,&quot;orientation&quot;:&quot;0&quot;}\" data-image-title=\"DSCF6910\" data-image-description=\"\" data-image-caption=\"\" data-large-file=\"https:\/\/i0.wp.com\/mbphotos.be\/wp-content\/uploads\/2019\/10\/DSCF6910.jpg?fit=1024%2C683&amp;ssl=1\" \/><\/a>\n\t\t\t<\/div><\/figure><figure class='gallery-item'>\n\t\t\t<div class='gallery-icon landscape'>\n\t\t\t\t<a href='https:\/\/mbphotos.be\/index.php\/choe\/attachment\/dscf6918\/'><img loading=\"lazy\" decoding=\"async\" width=\"150\" height=\"150\" src=\"https:\/\/i0.wp.com\/mbphotos.be\/wp-content\/uploads\/2019\/10\/DSCF6918.jpg?resize=150%2C150&amp;ssl=1\" class=\"attachment-thumbnail size-thumbnail\" alt=\"\" srcset=\"https:\/\/i0.wp.com\/mbphotos.be\/wp-content\/uploads\/2019\/10\/DSCF6918.jpg?resize=150%2C150&amp;ssl=1 150w, https:\/\/i0.wp.com\/mbphotos.be\/wp-content\/uploads\/2019\/10\/DSCF6918.jpg?resize=50%2C50&amp;ssl=1 50w, https:\/\/i0.wp.com\/mbphotos.be\/wp-content\/uploads\/2019\/10\/DSCF6918.jpg?zoom=2&amp;resize=150%2C150&amp;ssl=1 300w, https:\/\/i0.wp.com\/mbphotos.be\/wp-content\/uploads\/2019\/10\/DSCF6918.jpg?zoom=3&amp;resize=150%2C150&amp;ssl=1 450w\" sizes=\"auto, (max-width: 150px) 100vw, 150px\" data-attachment-id=\"4645\" data-permalink=\"https:\/\/mbphotos.be\/index.php\/choe\/attachment\/dscf6918\/\" data-orig-file=\"https:\/\/i0.wp.com\/mbphotos.be\/wp-content\/uploads\/2019\/10\/DSCF6918.jpg?fit=2695%2C1796&amp;ssl=1\" data-orig-size=\"2695,1796\" data-comments-opened=\"1\" data-image-meta=\"{&quot;aperture&quot;:&quot;0&quot;,&quot;credit&quot;:&quot;&quot;,&quot;camera&quot;:&quot;&quot;,&quot;caption&quot;:&quot;&quot;,&quot;created_timestamp&quot;:&quot;0&quot;,&quot;copyright&quot;:&quot;MBPhotos&quot;,&quot;focal_length&quot;:&quot;0&quot;,&quot;iso&quot;:&quot;0&quot;,&quot;shutter_speed&quot;:&quot;0&quot;,&quot;title&quot;:&quot;&quot;,&quot;orientation&quot;:&quot;0&quot;}\" data-image-title=\"DSCF6918\" data-image-description=\"\" data-image-caption=\"\" data-large-file=\"https:\/\/i0.wp.com\/mbphotos.be\/wp-content\/uploads\/2019\/10\/DSCF6918.jpg?fit=1024%2C682&amp;ssl=1\" \/><\/a>\n\t\t\t<\/div><\/figure><figure class='gallery-item'>\n\t\t\t<div class='gallery-icon landscape'>\n\t\t\t\t<a href='https:\/\/mbphotos.be\/index.php\/choe\/attachment\/dscf6913\/'><img loading=\"lazy\" decoding=\"async\" width=\"150\" height=\"150\" src=\"https:\/\/i0.wp.com\/mbphotos.be\/wp-content\/uploads\/2019\/10\/DSCF6913.jpg?resize=150%2C150&amp;ssl=1\" class=\"attachment-thumbnail size-thumbnail\" alt=\"\" srcset=\"https:\/\/i0.wp.com\/mbphotos.be\/wp-content\/uploads\/2019\/10\/DSCF6913.jpg?resize=150%2C150&amp;ssl=1 150w, https:\/\/i0.wp.com\/mbphotos.be\/wp-content\/uploads\/2019\/10\/DSCF6913.jpg?resize=50%2C50&amp;ssl=1 50w, https:\/\/i0.wp.com\/mbphotos.be\/wp-content\/uploads\/2019\/10\/DSCF6913.jpg?zoom=2&amp;resize=150%2C150&amp;ssl=1 300w, https:\/\/i0.wp.com\/mbphotos.be\/wp-content\/uploads\/2019\/10\/DSCF6913.jpg?zoom=3&amp;resize=150%2C150&amp;ssl=1 450w\" sizes=\"auto, (max-width: 150px) 100vw, 150px\" data-attachment-id=\"4643\" data-permalink=\"https:\/\/mbphotos.be\/index.php\/choe\/attachment\/dscf6913\/\" data-orig-file=\"https:\/\/i0.wp.com\/mbphotos.be\/wp-content\/uploads\/2019\/10\/DSCF6913.jpg?fit=2602%2C2082&amp;ssl=1\" data-orig-size=\"2602,2082\" data-comments-opened=\"1\" data-image-meta=\"{&quot;aperture&quot;:&quot;0&quot;,&quot;credit&quot;:&quot;&quot;,&quot;camera&quot;:&quot;&quot;,&quot;caption&quot;:&quot;&quot;,&quot;created_timestamp&quot;:&quot;0&quot;,&quot;copyright&quot;:&quot;MBPhotos&quot;,&quot;focal_length&quot;:&quot;0&quot;,&quot;iso&quot;:&quot;0&quot;,&quot;shutter_speed&quot;:&quot;0&quot;,&quot;title&quot;:&quot;&quot;,&quot;orientation&quot;:&quot;0&quot;}\" data-image-title=\"DSCF6913\" data-image-description=\"\" data-image-caption=\"\" data-large-file=\"https:\/\/i0.wp.com\/mbphotos.be\/wp-content\/uploads\/2019\/10\/DSCF6913.jpg?fit=1024%2C819&amp;ssl=1\" \/><\/a>\n\t\t\t<\/div><\/figure><figure class='gallery-item'>\n\t\t\t<div class='gallery-icon portrait'>\n\t\t\t\t<a href='https:\/\/mbphotos.be\/index.php\/choe\/attachment\/dscf6916\/'><img loading=\"lazy\" decoding=\"async\" width=\"150\" height=\"150\" src=\"https:\/\/i0.wp.com\/mbphotos.be\/wp-content\/uploads\/2019\/10\/DSCF6916.jpg?resize=150%2C150&amp;ssl=1\" class=\"attachment-thumbnail size-thumbnail\" alt=\"\" srcset=\"https:\/\/i0.wp.com\/mbphotos.be\/wp-content\/uploads\/2019\/10\/DSCF6916.jpg?resize=150%2C150&amp;ssl=1 150w, https:\/\/i0.wp.com\/mbphotos.be\/wp-content\/uploads\/2019\/10\/DSCF6916.jpg?resize=50%2C50&amp;ssl=1 50w, https:\/\/i0.wp.com\/mbphotos.be\/wp-content\/uploads\/2019\/10\/DSCF6916.jpg?zoom=2&amp;resize=150%2C150&amp;ssl=1 300w, https:\/\/i0.wp.com\/mbphotos.be\/wp-content\/uploads\/2019\/10\/DSCF6916.jpg?zoom=3&amp;resize=150%2C150&amp;ssl=1 450w\" sizes=\"auto, (max-width: 150px) 100vw, 150px\" data-attachment-id=\"4644\" data-permalink=\"https:\/\/mbphotos.be\/index.php\/choe\/attachment\/dscf6916\/\" data-orig-file=\"https:\/\/i0.wp.com\/mbphotos.be\/wp-content\/uploads\/2019\/10\/DSCF6916.jpg?fit=2858%2C4287&amp;ssl=1\" data-orig-size=\"2858,4287\" data-comments-opened=\"1\" data-image-meta=\"{&quot;aperture&quot;:&quot;0&quot;,&quot;credit&quot;:&quot;&quot;,&quot;camera&quot;:&quot;&quot;,&quot;caption&quot;:&quot;&quot;,&quot;created_timestamp&quot;:&quot;0&quot;,&quot;copyright&quot;:&quot;MBPhotos&quot;,&quot;focal_length&quot;:&quot;0&quot;,&quot;iso&quot;:&quot;0&quot;,&quot;shutter_speed&quot;:&quot;0&quot;,&quot;title&quot;:&quot;&quot;,&quot;orientation&quot;:&quot;0&quot;}\" data-image-title=\"DSCF6916\" data-image-description=\"\" data-image-caption=\"\" data-large-file=\"https:\/\/i0.wp.com\/mbphotos.be\/wp-content\/uploads\/2019\/10\/DSCF6916.jpg?fit=683%2C1024&amp;ssl=1\" \/><\/a>\n\t\t\t<\/div><\/figure>\n\t\t<\/div>\n\n","protected":false},"excerpt":{"rendered":"<p>L\u00e9 06 octobre 2019\u00a0 \u00e0 5h52, \u00ab\u00a0Notre petite Chlo\u00e9 a d\u00e9cid\u00e9 de point\u00e9 le petit bout de son nez \u00a0\u00bb<\/p>\n","protected":false},"author":1,"featured_media":0,"parent":0,"menu_order":0,"comment_status":"open","ping_status":"closed","template":"","meta":{"_seopress_robots_primary_cat":"","_seopress_titles_title":"","_seopress_titles_desc":"","_seopress_robots_index":"","footnotes":""},"class_list":["post-4641","page","type-page","status-publish","hentry"],"jetpack_sharing_enabled":true,"jetpack_shortlink":"https:\/\/wp.me\/P9qCFt-1cR","_links":{"self":[{"href":"https:\/\/mbphotos.be\/index.php\/wp-json\/wp\/v2\/pages\/4641","targetHints":{"allow":["GET"]}}],"collection":[{"href":"https:\/\/mbphotos.be\/index.php\/wp-json\/wp\/v2\/pages"}],"about":[{"href":"https:\/\/mbphotos.be\/index.php\/wp-json\/wp\/v2\/types\/page"}],"author":[{"embeddable":true,"href":"https:\/\/mbphotos.be\/index.php\/wp-json\/wp\/v2\/users\/1"}],"replies":[{"embeddable":true,"href":"https:\/\/mbphotos.be\/index.php\/wp-json\/wp\/v2\/comments?post=4641"}],"version-history":[{"count":6,"href":"https:\/\/mbphotos.be\/index.php\/wp-json\/wp\/v2\/pages\/4641\/revisions"}],"predecessor-version":[{"id":6747,"href":"https:\/\/mbphotos.be\/index.php\/wp-json\/wp\/v2\/pages\/4641\/revisions\/6747"}],"wp:attachment":[{"href":"https:\/\/mbphotos.be\/index.php\/wp-json\/wp\/v2\/media?parent=4641"}],"curies":[{"name":"wp","href":"https:\/\/api.w.org\/{rel}","templated":true}]}}