{"id":4716,"date":"2019-10-14T16:03:50","date_gmt":"2019-10-14T14:03:50","guid":{"rendered":"http:\/\/mbphotos.be\/?page_id=4716"},"modified":"2023-07-17T20:26:21","modified_gmt":"2023-07-17T18:26:21","slug":"stenope-numerique","status":"publish","type":"page","link":"https:\/\/mbphotos.be\/index.php\/stenope-numerique\/","title":{"rendered":"St\u00e9nop\u00e9 num\u00e9rique"},"content":{"rendered":"\n<p>La photographie au <em>st\u00e9nop\u00e9<\/em> consiste \u00e0 capturer une image invers\u00e9e projet\u00e9e sur le capteur par le passage de la lumi\u00e8re ext\u00e9rieure \u00e0 travers<em> un trou d&rsquo;\u00e9pingle. <\/em>Il n&rsquo;y a ni lentille ni objectif entre la sc\u00e8ne photographi\u00e9e et le capteur de l&rsquo;appareil.<\/p>\n\n\n\n<p><strong>Avec le disque \u00e0 st\u00e9nop\u00e9, on laisse la part belle \u00e0 l\u2019al\u00e9atoire et \u00e0 l\u2019imperfection. L\u2019id\u00e9e est de trouver des situations qui tirent parti de ce flou et de ce rendu impr\u00e9visible<\/strong>.<\/p>\n\n\n\n<p><em>Merci \u00e0 Thierry Gonidec &#8211; <a href=\"http:\/\/www.stenocamera.com\/Accueil.html\">St\u00e9nocam\u00e9ra<\/a> pour la fabrication tr\u00e8s professionnelle du disque \u00e0 st\u00e9nop\u00e9.<\/em><\/p>\n\n\n\n<p><em>Merci \u00e0 <a href=\"https:\/\/atelierdimages.myportfolio.com\/\">Pierre<\/a> pour cette initiation hors du commun<\/em><\/p>\n\n\n\n<figure class=\"wp-block-gallery has-nested-images columns-4 is-cropped wp-block-gallery-1 is-layout-flex wp-block-gallery-is-layout-flex\">\n<figure class=\"wp-block-image size-large\"><img data-recalc-dims=\"1\" loading=\"lazy\" decoding=\"async\" width=\"682\" height=\"1024\" data-attachment-id=\"4731\" data-permalink=\"https:\/\/mbphotos.be\/index.php\/stenope-numerique\/attachment\/dscf6992\/\" data-orig-file=\"https:\/\/i0.wp.com\/mbphotos.be\/wp-content\/uploads\/2019\/10\/DSCF6992.jpg?fit=1876%2C2815&amp;ssl=1\" data-orig-size=\"1876,2815\" data-comments-opened=\"1\" data-image-meta=\"{&quot;aperture&quot;:&quot;0&quot;,&quot;credit&quot;:&quot;&quot;,&quot;camera&quot;:&quot;&quot;,&quot;caption&quot;:&quot;&quot;,&quot;created_timestamp&quot;:&quot;0&quot;,&quot;copyright&quot;:&quot;MBPhotos&quot;,&quot;focal_length&quot;:&quot;0&quot;,&quot;iso&quot;:&quot;0&quot;,&quot;shutter_speed&quot;:&quot;0&quot;,&quot;title&quot;:&quot;&quot;,&quot;orientation&quot;:&quot;0&quot;}\" data-image-title=\"DSCF6992\" data-image-description=\"\" data-image-caption=\"\" data-large-file=\"https:\/\/i0.wp.com\/mbphotos.be\/wp-content\/uploads\/2019\/10\/DSCF6992.jpg?fit=682%2C1024&amp;ssl=1\" data-id=\"4731\" src=\"https:\/\/i0.wp.com\/mbphotos.be\/wp-content\/uploads\/2019\/10\/DSCF6992.jpg?resize=682%2C1024&#038;ssl=1\" alt=\"\" class=\"wp-image-4731\" srcset=\"https:\/\/i0.wp.com\/mbphotos.be\/wp-content\/uploads\/2019\/10\/DSCF6992.jpg?resize=682%2C1024&amp;ssl=1 682w, https:\/\/i0.wp.com\/mbphotos.be\/wp-content\/uploads\/2019\/10\/DSCF6992.jpg?resize=200%2C300&amp;ssl=1 200w, https:\/\/i0.wp.com\/mbphotos.be\/wp-content\/uploads\/2019\/10\/DSCF6992.jpg?resize=768%2C1152&amp;ssl=1 768w, https:\/\/i0.wp.com\/mbphotos.be\/wp-content\/uploads\/2019\/10\/DSCF6992.jpg?w=1876&amp;ssl=1 1876w\" sizes=\"auto, (max-width: 682px) 100vw, 682px\" \/><\/figure>\n\n\n\n<figure class=\"wp-block-image size-large\"><img data-recalc-dims=\"1\" loading=\"lazy\" decoding=\"async\" width=\"819\" height=\"1024\" data-attachment-id=\"4729\" data-permalink=\"https:\/\/mbphotos.be\/index.php\/stenope-numerique\/attachment\/dscf6979\/\" data-orig-file=\"https:\/\/i0.wp.com\/mbphotos.be\/wp-content\/uploads\/2019\/10\/DSCF6979.jpg?fit=1659%2C2074&amp;ssl=1\" data-orig-size=\"1659,2074\" data-comments-opened=\"1\" data-image-meta=\"{&quot;aperture&quot;:&quot;0&quot;,&quot;credit&quot;:&quot;&quot;,&quot;camera&quot;:&quot;&quot;,&quot;caption&quot;:&quot;&quot;,&quot;created_timestamp&quot;:&quot;0&quot;,&quot;copyright&quot;:&quot;MBPhotos&quot;,&quot;focal_length&quot;:&quot;0&quot;,&quot;iso&quot;:&quot;0&quot;,&quot;shutter_speed&quot;:&quot;0&quot;,&quot;title&quot;:&quot;&quot;,&quot;orientation&quot;:&quot;0&quot;}\" data-image-title=\"DSCF6979\" data-image-description=\"\" data-image-caption=\"\" data-large-file=\"https:\/\/i0.wp.com\/mbphotos.be\/wp-content\/uploads\/2019\/10\/DSCF6979.jpg?fit=819%2C1024&amp;ssl=1\" data-id=\"4729\" src=\"https:\/\/i0.wp.com\/mbphotos.be\/wp-content\/uploads\/2019\/10\/DSCF6979.jpg?resize=819%2C1024&#038;ssl=1\" alt=\"\" class=\"wp-image-4729\" srcset=\"https:\/\/i0.wp.com\/mbphotos.be\/wp-content\/uploads\/2019\/10\/DSCF6979.jpg?resize=819%2C1024&amp;ssl=1 819w, https:\/\/i0.wp.com\/mbphotos.be\/wp-content\/uploads\/2019\/10\/DSCF6979.jpg?resize=240%2C300&amp;ssl=1 240w, https:\/\/i0.wp.com\/mbphotos.be\/wp-content\/uploads\/2019\/10\/DSCF6979.jpg?resize=768%2C960&amp;ssl=1 768w, https:\/\/i0.wp.com\/mbphotos.be\/wp-content\/uploads\/2019\/10\/DSCF6979.jpg?w=1659&amp;ssl=1 1659w\" sizes=\"auto, (max-width: 819px) 100vw, 819px\" \/><\/figure>\n\n\n\n<figure class=\"wp-block-image size-large\"><img data-recalc-dims=\"1\" loading=\"lazy\" decoding=\"async\" width=\"1024\" height=\"683\" data-attachment-id=\"4730\" data-permalink=\"https:\/\/mbphotos.be\/index.php\/stenope-numerique\/attachment\/dscf6986\/\" data-orig-file=\"https:\/\/i0.wp.com\/mbphotos.be\/wp-content\/uploads\/2019\/10\/DSCF6986.jpg?fit=2730%2C1820&amp;ssl=1\" data-orig-size=\"2730,1820\" data-comments-opened=\"1\" data-image-meta=\"{&quot;aperture&quot;:&quot;0&quot;,&quot;credit&quot;:&quot;&quot;,&quot;camera&quot;:&quot;&quot;,&quot;caption&quot;:&quot;&quot;,&quot;created_timestamp&quot;:&quot;0&quot;,&quot;copyright&quot;:&quot;MBPhotos&quot;,&quot;focal_length&quot;:&quot;0&quot;,&quot;iso&quot;:&quot;0&quot;,&quot;shutter_speed&quot;:&quot;0&quot;,&quot;title&quot;:&quot;&quot;,&quot;orientation&quot;:&quot;0&quot;}\" data-image-title=\"DSCF6986\" data-image-description=\"\" data-image-caption=\"\" data-large-file=\"https:\/\/i0.wp.com\/mbphotos.be\/wp-content\/uploads\/2019\/10\/DSCF6986.jpg?fit=1024%2C683&amp;ssl=1\" data-id=\"4730\" src=\"https:\/\/i0.wp.com\/mbphotos.be\/wp-content\/uploads\/2019\/10\/DSCF6986.jpg?resize=1024%2C683&#038;ssl=1\" alt=\"\" class=\"wp-image-4730\" srcset=\"https:\/\/i0.wp.com\/mbphotos.be\/wp-content\/uploads\/2019\/10\/DSCF6986.jpg?resize=1024%2C683&amp;ssl=1 1024w, https:\/\/i0.wp.com\/mbphotos.be\/wp-content\/uploads\/2019\/10\/DSCF6986.jpg?resize=300%2C200&amp;ssl=1 300w, https:\/\/i0.wp.com\/mbphotos.be\/wp-content\/uploads\/2019\/10\/DSCF6986.jpg?resize=768%2C512&amp;ssl=1 768w, https:\/\/i0.wp.com\/mbphotos.be\/wp-content\/uploads\/2019\/10\/DSCF6986.jpg?resize=360%2C240&amp;ssl=1 360w, https:\/\/i0.wp.com\/mbphotos.be\/wp-content\/uploads\/2019\/10\/DSCF6986.jpg?w=2000&amp;ssl=1 2000w\" sizes=\"auto, (max-width: 1000px) 100vw, 1000px\" \/><\/figure>\n\n\n\n<figure class=\"wp-block-image size-large\"><img data-recalc-dims=\"1\" loading=\"lazy\" decoding=\"async\" width=\"1024\" height=\"683\" data-attachment-id=\"4727\" data-permalink=\"https:\/\/mbphotos.be\/index.php\/stenope-numerique\/attachment\/dscf6967\/\" data-orig-file=\"https:\/\/i0.wp.com\/mbphotos.be\/wp-content\/uploads\/2019\/10\/DSCF6967.jpg?fit=3000%2C2000&amp;ssl=1\" data-orig-size=\"3000,2000\" data-comments-opened=\"1\" data-image-meta=\"{&quot;aperture&quot;:&quot;0&quot;,&quot;credit&quot;:&quot;&quot;,&quot;camera&quot;:&quot;&quot;,&quot;caption&quot;:&quot;&quot;,&quot;created_timestamp&quot;:&quot;0&quot;,&quot;copyright&quot;:&quot;MBPhotos&quot;,&quot;focal_length&quot;:&quot;0&quot;,&quot;iso&quot;:&quot;0&quot;,&quot;shutter_speed&quot;:&quot;0&quot;,&quot;title&quot;:&quot;&quot;,&quot;orientation&quot;:&quot;0&quot;}\" data-image-title=\"DSCF6967\" data-image-description=\"\" data-image-caption=\"\" data-large-file=\"https:\/\/i0.wp.com\/mbphotos.be\/wp-content\/uploads\/2019\/10\/DSCF6967.jpg?fit=1024%2C683&amp;ssl=1\" data-id=\"4727\" src=\"https:\/\/i0.wp.com\/mbphotos.be\/wp-content\/uploads\/2019\/10\/DSCF6967.jpg?resize=1024%2C683&#038;ssl=1\" alt=\"\" class=\"wp-image-4727\" srcset=\"https:\/\/i0.wp.com\/mbphotos.be\/wp-content\/uploads\/2019\/10\/DSCF6967.jpg?resize=1024%2C683&amp;ssl=1 1024w, https:\/\/i0.wp.com\/mbphotos.be\/wp-content\/uploads\/2019\/10\/DSCF6967.jpg?resize=300%2C200&amp;ssl=1 300w, https:\/\/i0.wp.com\/mbphotos.be\/wp-content\/uploads\/2019\/10\/DSCF6967.jpg?resize=768%2C512&amp;ssl=1 768w, https:\/\/i0.wp.com\/mbphotos.be\/wp-content\/uploads\/2019\/10\/DSCF6967.jpg?resize=360%2C240&amp;ssl=1 360w, https:\/\/i0.wp.com\/mbphotos.be\/wp-content\/uploads\/2019\/10\/DSCF6967.jpg?w=2000&amp;ssl=1 2000w, https:\/\/i0.wp.com\/mbphotos.be\/wp-content\/uploads\/2019\/10\/DSCF6967.jpg?w=3000&amp;ssl=1 3000w\" sizes=\"auto, (max-width: 1000px) 100vw, 1000px\" \/><\/figure>\n\n\n\n<figure class=\"wp-block-image size-large\"><img data-recalc-dims=\"1\" loading=\"lazy\" decoding=\"async\" width=\"1024\" height=\"683\" data-attachment-id=\"4728\" data-permalink=\"https:\/\/mbphotos.be\/index.php\/stenope-numerique\/attachment\/dscf6974\/\" data-orig-file=\"https:\/\/i0.wp.com\/mbphotos.be\/wp-content\/uploads\/2019\/10\/DSCF6974.jpg?fit=3000%2C2000&amp;ssl=1\" data-orig-size=\"3000,2000\" data-comments-opened=\"1\" data-image-meta=\"{&quot;aperture&quot;:&quot;0&quot;,&quot;credit&quot;:&quot;&quot;,&quot;camera&quot;:&quot;&quot;,&quot;caption&quot;:&quot;&quot;,&quot;created_timestamp&quot;:&quot;0&quot;,&quot;copyright&quot;:&quot;MBPhotos&quot;,&quot;focal_length&quot;:&quot;0&quot;,&quot;iso&quot;:&quot;0&quot;,&quot;shutter_speed&quot;:&quot;0&quot;,&quot;title&quot;:&quot;&quot;,&quot;orientation&quot;:&quot;0&quot;}\" data-image-title=\"DSCF6974\" data-image-description=\"\" data-image-caption=\"\" data-large-file=\"https:\/\/i0.wp.com\/mbphotos.be\/wp-content\/uploads\/2019\/10\/DSCF6974.jpg?fit=1024%2C683&amp;ssl=1\" data-id=\"4728\" src=\"https:\/\/i0.wp.com\/mbphotos.be\/wp-content\/uploads\/2019\/10\/DSCF6974.jpg?resize=1024%2C683&#038;ssl=1\" alt=\"\" class=\"wp-image-4728\" srcset=\"https:\/\/i0.wp.com\/mbphotos.be\/wp-content\/uploads\/2019\/10\/DSCF6974.jpg?resize=1024%2C683&amp;ssl=1 1024w, https:\/\/i0.wp.com\/mbphotos.be\/wp-content\/uploads\/2019\/10\/DSCF6974.jpg?resize=300%2C200&amp;ssl=1 300w, https:\/\/i0.wp.com\/mbphotos.be\/wp-content\/uploads\/2019\/10\/DSCF6974.jpg?resize=768%2C512&amp;ssl=1 768w, https:\/\/i0.wp.com\/mbphotos.be\/wp-content\/uploads\/2019\/10\/DSCF6974.jpg?resize=360%2C240&amp;ssl=1 360w, https:\/\/i0.wp.com\/mbphotos.be\/wp-content\/uploads\/2019\/10\/DSCF6974.jpg?w=2000&amp;ssl=1 2000w, https:\/\/i0.wp.com\/mbphotos.be\/wp-content\/uploads\/2019\/10\/DSCF6974.jpg?w=3000&amp;ssl=1 3000w\" sizes=\"auto, (max-width: 1000px) 100vw, 1000px\" \/><\/figure>\n\n\n\n<figure class=\"wp-block-image size-large\"><img data-recalc-dims=\"1\" loading=\"lazy\" decoding=\"async\" width=\"1024\" height=\"683\" data-attachment-id=\"4725\" data-permalink=\"https:\/\/mbphotos.be\/index.php\/stenope-numerique\/attachment\/dscf6953\/\" data-orig-file=\"https:\/\/i0.wp.com\/mbphotos.be\/wp-content\/uploads\/2019\/10\/DSCF6953.jpg?fit=2853%2C1902&amp;ssl=1\" data-orig-size=\"2853,1902\" data-comments-opened=\"1\" data-image-meta=\"{&quot;aperture&quot;:&quot;0&quot;,&quot;credit&quot;:&quot;&quot;,&quot;camera&quot;:&quot;&quot;,&quot;caption&quot;:&quot;&quot;,&quot;created_timestamp&quot;:&quot;0&quot;,&quot;copyright&quot;:&quot;MBPhotos&quot;,&quot;focal_length&quot;:&quot;0&quot;,&quot;iso&quot;:&quot;0&quot;,&quot;shutter_speed&quot;:&quot;0&quot;,&quot;title&quot;:&quot;&quot;,&quot;orientation&quot;:&quot;0&quot;}\" data-image-title=\"DSCF6953\" data-image-description=\"\" data-image-caption=\"\" data-large-file=\"https:\/\/i0.wp.com\/mbphotos.be\/wp-content\/uploads\/2019\/10\/DSCF6953.jpg?fit=1024%2C683&amp;ssl=1\" data-id=\"4725\" src=\"https:\/\/i0.wp.com\/mbphotos.be\/wp-content\/uploads\/2019\/10\/DSCF6953.jpg?resize=1024%2C683&#038;ssl=1\" alt=\"\" class=\"wp-image-4725\" srcset=\"https:\/\/i0.wp.com\/mbphotos.be\/wp-content\/uploads\/2019\/10\/DSCF6953.jpg?resize=1024%2C683&amp;ssl=1 1024w, https:\/\/i0.wp.com\/mbphotos.be\/wp-content\/uploads\/2019\/10\/DSCF6953.jpg?resize=300%2C200&amp;ssl=1 300w, https:\/\/i0.wp.com\/mbphotos.be\/wp-content\/uploads\/2019\/10\/DSCF6953.jpg?resize=768%2C512&amp;ssl=1 768w, https:\/\/i0.wp.com\/mbphotos.be\/wp-content\/uploads\/2019\/10\/DSCF6953.jpg?resize=360%2C240&amp;ssl=1 360w, https:\/\/i0.wp.com\/mbphotos.be\/wp-content\/uploads\/2019\/10\/DSCF6953.jpg?w=2000&amp;ssl=1 2000w\" sizes=\"auto, (max-width: 1000px) 100vw, 1000px\" \/><\/figure>\n\n\n\n<figure class=\"wp-block-image size-large\"><img data-recalc-dims=\"1\" loading=\"lazy\" decoding=\"async\" width=\"1024\" height=\"683\" data-attachment-id=\"4726\" data-permalink=\"https:\/\/mbphotos.be\/index.php\/stenope-numerique\/attachment\/dscf6957\/\" data-orig-file=\"https:\/\/i0.wp.com\/mbphotos.be\/wp-content\/uploads\/2019\/10\/DSCF6957.jpg?fit=2868%2C1912&amp;ssl=1\" data-orig-size=\"2868,1912\" data-comments-opened=\"1\" data-image-meta=\"{&quot;aperture&quot;:&quot;0&quot;,&quot;credit&quot;:&quot;&quot;,&quot;camera&quot;:&quot;&quot;,&quot;caption&quot;:&quot;&quot;,&quot;created_timestamp&quot;:&quot;0&quot;,&quot;copyright&quot;:&quot;MBPhotos&quot;,&quot;focal_length&quot;:&quot;0&quot;,&quot;iso&quot;:&quot;0&quot;,&quot;shutter_speed&quot;:&quot;0&quot;,&quot;title&quot;:&quot;&quot;,&quot;orientation&quot;:&quot;0&quot;}\" data-image-title=\"DSCF6957\" data-image-description=\"\" data-image-caption=\"\" data-large-file=\"https:\/\/i0.wp.com\/mbphotos.be\/wp-content\/uploads\/2019\/10\/DSCF6957.jpg?fit=1024%2C683&amp;ssl=1\" data-id=\"4726\" src=\"https:\/\/i0.wp.com\/mbphotos.be\/wp-content\/uploads\/2019\/10\/DSCF6957.jpg?resize=1024%2C683&#038;ssl=1\" alt=\"\" class=\"wp-image-4726\" srcset=\"https:\/\/i0.wp.com\/mbphotos.be\/wp-content\/uploads\/2019\/10\/DSCF6957.jpg?resize=1024%2C683&amp;ssl=1 1024w, https:\/\/i0.wp.com\/mbphotos.be\/wp-content\/uploads\/2019\/10\/DSCF6957.jpg?resize=300%2C200&amp;ssl=1 300w, https:\/\/i0.wp.com\/mbphotos.be\/wp-content\/uploads\/2019\/10\/DSCF6957.jpg?resize=768%2C512&amp;ssl=1 768w, https:\/\/i0.wp.com\/mbphotos.be\/wp-content\/uploads\/2019\/10\/DSCF6957.jpg?resize=360%2C240&amp;ssl=1 360w, https:\/\/i0.wp.com\/mbphotos.be\/wp-content\/uploads\/2019\/10\/DSCF6957.jpg?w=2000&amp;ssl=1 2000w\" sizes=\"auto, (max-width: 1000px) 100vw, 1000px\" \/><\/figure>\n<\/figure>\n","protected":false},"excerpt":{"rendered":"<p>La photographie au st\u00e9nop\u00e9 consiste \u00e0 capturer une image invers\u00e9e projet\u00e9e sur le capteur par le passage de la lumi\u00e8re ext\u00e9rieure \u00e0 travers un trou d&rsquo;\u00e9pingle. Il n&rsquo;y a ni lentille ni objectif entre la sc\u00e8ne photographi\u00e9e et le capteur de l&rsquo;appareil. Avec le disque \u00e0 st\u00e9nop\u00e9, on laisse la part belle \u00e0 l\u2019al\u00e9atoire et [&hellip;]<\/p>\n","protected":false},"author":1,"featured_media":0,"parent":0,"menu_order":0,"comment_status":"closed","ping_status":"closed","template":"","meta":{"_seopress_robots_primary_cat":"","_seopress_titles_title":"","_seopress_titles_desc":"","_seopress_robots_index":"","footnotes":""},"class_list":["post-4716","page","type-page","status-publish","hentry"],"jetpack_sharing_enabled":true,"jetpack_shortlink":"https:\/\/wp.me\/P9qCFt-1e4","_links":{"self":[{"href":"https:\/\/mbphotos.be\/index.php\/wp-json\/wp\/v2\/pages\/4716","targetHints":{"allow":["GET"]}}],"collection":[{"href":"https:\/\/mbphotos.be\/index.php\/wp-json\/wp\/v2\/pages"}],"about":[{"href":"https:\/\/mbphotos.be\/index.php\/wp-json\/wp\/v2\/types\/page"}],"author":[{"embeddable":true,"href":"https:\/\/mbphotos.be\/index.php\/wp-json\/wp\/v2\/users\/1"}],"replies":[{"embeddable":true,"href":"https:\/\/mbphotos.be\/index.php\/wp-json\/wp\/v2\/comments?post=4716"}],"version-history":[{"count":11,"href":"https:\/\/mbphotos.be\/index.php\/wp-json\/wp\/v2\/pages\/4716\/revisions"}],"predecessor-version":[{"id":10079,"href":"https:\/\/mbphotos.be\/index.php\/wp-json\/wp\/v2\/pages\/4716\/revisions\/10079"}],"wp:attachment":[{"href":"https:\/\/mbphotos.be\/index.php\/wp-json\/wp\/v2\/media?parent=4716"}],"curies":[{"name":"wp","href":"https:\/\/api.w.org\/{rel}","templated":true}]}}