{"id":5522,"date":"2020-10-19T11:15:28","date_gmt":"2020-10-19T09:15:28","guid":{"rendered":"http:\/\/mbphotos.be\/?page_id=5522"},"modified":"2021-01-05T20:50:59","modified_gmt":"2021-01-05T19:50:59","slug":"defiles-costumes","status":"publish","type":"page","link":"https:\/\/mbphotos.be\/index.php\/defiles-costumes\/","title":{"rendered":"D\u00e9fil\u00e9s costum\u00e9s"},"content":{"rendered":"<p style=\"text-align: center;\"><a href=\"https:\/\/mbphotos.be\/index.php\/artifou\/\">Arti&rsquo;fous&nbsp; \u00e0 Dinant octobre 2020<\/a><\/p>\n<p style=\"text-align: center;\"><a href=\"https:\/\/i0.wp.com\/mbphotos.be\/wp-content\/uploads\/DSCF4319.jpg?ssl=1\"><img data-recalc-dims=\"1\" loading=\"lazy\" decoding=\"async\" data-attachment-id=\"5452\" data-permalink=\"https:\/\/mbphotos.be\/index.php\/arti-fous\/attachment\/dscf4319\/\" data-orig-file=\"https:\/\/i0.wp.com\/mbphotos.be\/wp-content\/uploads\/DSCF4319.jpg?fit=3735%2C2490&amp;ssl=1\" data-orig-size=\"3735,2490\" data-comments-opened=\"1\" data-image-meta=\"{&quot;aperture&quot;:&quot;3.6&quot;,&quot;credit&quot;:&quot;Marc BIERNAUX Tous droits reserv&quot;,&quot;camera&quot;:&quot;X-H1&quot;,&quot;caption&quot;:&quot;&quot;,&quot;created_timestamp&quot;:&quot;1602948350&quot;,&quot;copyright&quot;:&quot;MB&quot;,&quot;focal_length&quot;:&quot;24.9&quot;,&quot;iso&quot;:&quot;200&quot;,&quot;shutter_speed&quot;:&quot;0.004&quot;,&quot;title&quot;:&quot;&quot;,&quot;orientation&quot;:&quot;0&quot;}\" data-image-title=\"DSCF4319\" data-image-description=\"\" data-image-caption=\"\" data-large-file=\"https:\/\/i0.wp.com\/mbphotos.be\/wp-content\/uploads\/DSCF4319.jpg?fit=1024%2C683&amp;ssl=1\" src=\"https:\/\/i0.wp.com\/mbphotos.be\/wp-content\/uploads\/DSCF4319.jpg?resize=150%2C150&#038;ssl=1\" alt=\"\" width=\"150\" height=\"150\" class=\"size-thumbnail wp-image-5452 aligncenter\" srcset=\"https:\/\/i0.wp.com\/mbphotos.be\/wp-content\/uploads\/DSCF4319.jpg?resize=150%2C150&amp;ssl=1 150w, https:\/\/i0.wp.com\/mbphotos.be\/wp-content\/uploads\/DSCF4319.jpg?resize=50%2C50&amp;ssl=1 50w, https:\/\/i0.wp.com\/mbphotos.be\/wp-content\/uploads\/DSCF4319.jpg?zoom=2&amp;resize=150%2C150&amp;ssl=1 300w, https:\/\/i0.wp.com\/mbphotos.be\/wp-content\/uploads\/DSCF4319.jpg?zoom=3&amp;resize=150%2C150&amp;ssl=1 450w\" sizes=\"auto, (max-width: 150px) 100vw, 150px\" \/><\/a><\/p>\n<p style=\"text-align: center;\">\n<p style=\"text-align: center;\"><a href=\"https:\/\/mbphotos.be\/index.php\/chateau-de-seneffe-au-18eme\/\">Le ch\u00e2teau de Seneffe au XVIII\u00e8me 08 septembre 2019<\/a><\/p>\n<p style=\"text-align: center;\"><a href=\"https:\/\/i0.wp.com\/mbphotos.be\/wp-content\/uploads\/2019\/09\/seneffe-2019-09-08-10.jpg?ssl=1\"><img data-recalc-dims=\"1\" loading=\"lazy\" decoding=\"async\" data-attachment-id=\"4515\" data-permalink=\"https:\/\/mbphotos.be\/index.php\/chateau-de-seneffe-au-18eme\/attachment\/seneffe-2019-09-08-10\/\" data-orig-file=\"https:\/\/i0.wp.com\/mbphotos.be\/wp-content\/uploads\/2019\/09\/seneffe-2019-09-08-10.jpg?fit=1000%2C667&amp;ssl=1\" data-orig-size=\"1000,667\" data-comments-opened=\"1\" data-image-meta=\"{&quot;aperture&quot;:&quot;0&quot;,&quot;credit&quot;:&quot;&quot;,&quot;camera&quot;:&quot;&quot;,&quot;caption&quot;:&quot;&quot;,&quot;created_timestamp&quot;:&quot;0&quot;,&quot;copyright&quot;:&quot;MBPhotos&quot;,&quot;focal_length&quot;:&quot;0&quot;,&quot;iso&quot;:&quot;0&quot;,&quot;shutter_speed&quot;:&quot;0&quot;,&quot;title&quot;:&quot;&quot;,&quot;orientation&quot;:&quot;0&quot;}\" data-image-title=\"seneffe 2019 09 08-10\" data-image-description=\"\" data-image-caption=\"&lt;p&gt;Seneffe 3&lt;\/p&gt;\n\" data-large-file=\"https:\/\/i0.wp.com\/mbphotos.be\/wp-content\/uploads\/2019\/09\/seneffe-2019-09-08-10.jpg?fit=1000%2C667&amp;ssl=1\" src=\"https:\/\/i0.wp.com\/mbphotos.be\/wp-content\/uploads\/2019\/09\/seneffe-2019-09-08-10.jpg?resize=150%2C150&#038;ssl=1\" alt=\"\" width=\"150\" height=\"150\" class=\"size-thumbnail wp-image-4515\" srcset=\"https:\/\/i0.wp.com\/mbphotos.be\/wp-content\/uploads\/2019\/09\/seneffe-2019-09-08-10.jpg?resize=150%2C150&amp;ssl=1 150w, https:\/\/i0.wp.com\/mbphotos.be\/wp-content\/uploads\/2019\/09\/seneffe-2019-09-08-10.jpg?resize=50%2C50&amp;ssl=1 50w, https:\/\/i0.wp.com\/mbphotos.be\/wp-content\/uploads\/2019\/09\/seneffe-2019-09-08-10.jpg?zoom=2&amp;resize=150%2C150&amp;ssl=1 300w, https:\/\/i0.wp.com\/mbphotos.be\/wp-content\/uploads\/2019\/09\/seneffe-2019-09-08-10.jpg?zoom=3&amp;resize=150%2C150&amp;ssl=1 450w\" sizes=\"auto, (max-width: 150px) 100vw, 150px\" \/><\/a><\/p>\n<p style=\"text-align: center;\">\n<p style=\"text-align: center;\"><a href=\"https:\/\/mbphotos.be\/index.php\/les-medievales-de-la-citadelle-namur\/\">Les m\u00e9di\u00e9vales \u00e0 Namur juillet 2018<\/a><\/p>\n<p><a href=\"https:\/\/i0.wp.com\/mbphotos.be\/wp-content\/uploads\/2018\/07\/8047757.jpg?ssl=1\"><img data-recalc-dims=\"1\" loading=\"lazy\" decoding=\"async\" data-attachment-id=\"2639\" data-permalink=\"https:\/\/mbphotos.be\/index.php\/les-medievales-de-la-citadelle-namur\/attachment\/_8047757\/\" data-orig-file=\"https:\/\/i0.wp.com\/mbphotos.be\/wp-content\/uploads\/2018\/07\/8047757.jpg?fit=1000%2C667&amp;ssl=1\" data-orig-size=\"1000,667\" data-comments-opened=\"1\" data-image-meta=\"{&quot;aperture&quot;:&quot;4.5&quot;,&quot;credit&quot;:&quot;Marc_BIERNAUX&quot;,&quot;camera&quot;:&quot;NIKON D800&quot;,&quot;caption&quot;:&quot;&quot;,&quot;created_timestamp&quot;:&quot;1530980937&quot;,&quot;copyright&quot;:&quot;MBphotos&quot;,&quot;focal_length&quot;:&quot;40&quot;,&quot;iso&quot;:&quot;100&quot;,&quot;shutter_speed&quot;:&quot;0.0015625&quot;,&quot;title&quot;:&quot;&quot;,&quot;orientation&quot;:&quot;0&quot;}\" data-image-title=\"_8047757\" data-image-description=\"\" data-image-caption=\"&lt;p&gt;Les M\u00e9di\u00e9vales de la Citadelle&lt;\/p&gt;\n\" data-large-file=\"https:\/\/i0.wp.com\/mbphotos.be\/wp-content\/uploads\/2018\/07\/8047757.jpg?fit=1000%2C667&amp;ssl=1\" src=\"https:\/\/i0.wp.com\/mbphotos.be\/wp-content\/uploads\/2018\/07\/8047757.jpg?resize=150%2C150&#038;ssl=1\" alt=\"\" width=\"150\" height=\"150\" class=\"size-thumbnail wp-image-2639 aligncenter\" srcset=\"https:\/\/i0.wp.com\/mbphotos.be\/wp-content\/uploads\/2018\/07\/8047757.jpg?resize=150%2C150&amp;ssl=1 150w, https:\/\/i0.wp.com\/mbphotos.be\/wp-content\/uploads\/2018\/07\/8047757.jpg?resize=50%2C50&amp;ssl=1 50w, https:\/\/i0.wp.com\/mbphotos.be\/wp-content\/uploads\/2018\/07\/8047757.jpg?zoom=2&amp;resize=150%2C150&amp;ssl=1 300w, https:\/\/i0.wp.com\/mbphotos.be\/wp-content\/uploads\/2018\/07\/8047757.jpg?zoom=3&amp;resize=150%2C150&amp;ssl=1 450w\" sizes=\"auto, (max-width: 150px) 100vw, 150px\" \/><\/a><\/p>\n<p style=\"text-align: center;\"><a href=\"https:\/\/mbphotos.be\/index.php\/helecine-parade-venitienne\/\">Parade v\u00e9nitienne \u00e0 H\u00e9l\u00e9cine 18 f\u00e9vrier 2018<\/a><\/p>\n<p style=\"text-align: center;\"><a href=\"https:\/\/i0.wp.com\/mbphotos.be\/wp-content\/uploads\/2018\/04\/8025042.jpg?ssl=1\"><img data-recalc-dims=\"1\" loading=\"lazy\" decoding=\"async\" data-attachment-id=\"1931\" data-permalink=\"https:\/\/mbphotos.be\/index.php\/helecine-parade-venitienne\/attachment\/_8025042\/\" data-orig-file=\"https:\/\/i0.wp.com\/mbphotos.be\/wp-content\/uploads\/2018\/04\/8025042.jpg?fit=667%2C1000&amp;ssl=1\" data-orig-size=\"667,1000\" data-comments-opened=\"1\" data-image-meta=\"{&quot;aperture&quot;:&quot;2.5&quot;,&quot;credit&quot;:&quot;Marc_BIERNAUX&quot;,&quot;camera&quot;:&quot;NIKON D800&quot;,&quot;caption&quot;:&quot;&quot;,&quot;created_timestamp&quot;:&quot;1518965427&quot;,&quot;copyright&quot;:&quot;MBphotos&quot;,&quot;focal_length&quot;:&quot;85&quot;,&quot;iso&quot;:&quot;100&quot;,&quot;shutter_speed&quot;:&quot;0.0002&quot;,&quot;title&quot;:&quot;&quot;,&quot;orientation&quot;:&quot;0&quot;}\" data-image-title=\"_8025042\" data-image-description=\"\" data-image-caption=\"\" data-large-file=\"https:\/\/i0.wp.com\/mbphotos.be\/wp-content\/uploads\/2018\/04\/8025042.jpg?fit=667%2C1000&amp;ssl=1\" src=\"https:\/\/i0.wp.com\/mbphotos.be\/wp-content\/uploads\/2018\/04\/8025042.jpg?resize=150%2C150&#038;ssl=1\" alt=\"\" width=\"150\" height=\"150\" class=\"size-thumbnail wp-image-1931 aligncenter\" srcset=\"https:\/\/i0.wp.com\/mbphotos.be\/wp-content\/uploads\/2018\/04\/8025042.jpg?resize=150%2C150&amp;ssl=1 150w, https:\/\/i0.wp.com\/mbphotos.be\/wp-content\/uploads\/2018\/04\/8025042.jpg?resize=50%2C50&amp;ssl=1 50w, https:\/\/i0.wp.com\/mbphotos.be\/wp-content\/uploads\/2018\/04\/8025042.jpg?zoom=2&amp;resize=150%2C150&amp;ssl=1 300w, https:\/\/i0.wp.com\/mbphotos.be\/wp-content\/uploads\/2018\/04\/8025042.jpg?zoom=3&amp;resize=150%2C150&amp;ssl=1 450w\" sizes=\"auto, (max-width: 150px) 100vw, 150px\" \/><\/a><\/p>\n<p style=\"text-align: center;\">\n<p style=\"text-align: center;\"><a href=\"https:\/\/mbphotos.be\/index.php\/parade-venitienne-au-jardins-dannevoie\/\">Parade v\u00e9nitienne Annevoie mai 2018<\/a><\/p>\n<p><a href=\"https:\/\/i0.wp.com\/mbphotos.be\/wp-content\/uploads\/2018\/05\/8047280.jpg?ssl=1\"><img data-recalc-dims=\"1\" loading=\"lazy\" decoding=\"async\" data-attachment-id=\"2569\" data-permalink=\"https:\/\/mbphotos.be\/index.php\/parade-venitienne-au-jardins-dannevoie\/attachment\/_8047280\/\" data-orig-file=\"https:\/\/i0.wp.com\/mbphotos.be\/wp-content\/uploads\/2018\/05\/8047280.jpg?fit=667%2C1000&amp;ssl=1\" data-orig-size=\"667,1000\" data-comments-opened=\"1\" data-image-meta=\"{&quot;aperture&quot;:&quot;6.3&quot;,&quot;credit&quot;:&quot;Marc_BIERNAUX&quot;,&quot;camera&quot;:&quot;NIKON D800&quot;,&quot;caption&quot;:&quot;&quot;,&quot;created_timestamp&quot;:&quot;1526917895&quot;,&quot;copyright&quot;:&quot;MBphotos&quot;,&quot;focal_length&quot;:&quot;68&quot;,&quot;iso&quot;:&quot;100&quot;,&quot;shutter_speed&quot;:&quot;0.004&quot;,&quot;title&quot;:&quot;&quot;,&quot;orientation&quot;:&quot;0&quot;}\" data-image-title=\"_8047280\" data-image-description=\"\" data-image-caption=\"\" data-large-file=\"https:\/\/i0.wp.com\/mbphotos.be\/wp-content\/uploads\/2018\/05\/8047280.jpg?fit=667%2C1000&amp;ssl=1\" src=\"https:\/\/i0.wp.com\/mbphotos.be\/wp-content\/uploads\/2018\/05\/8047280.jpg?resize=150%2C150&#038;ssl=1\" alt=\"Annevoie 45\" width=\"150\" height=\"150\" class=\"wp-image-2569 size-thumbnail aligncenter\" srcset=\"https:\/\/i0.wp.com\/mbphotos.be\/wp-content\/uploads\/2018\/05\/8047280.jpg?resize=150%2C150&amp;ssl=1 150w, https:\/\/i0.wp.com\/mbphotos.be\/wp-content\/uploads\/2018\/05\/8047280.jpg?resize=50%2C50&amp;ssl=1 50w, https:\/\/i0.wp.com\/mbphotos.be\/wp-content\/uploads\/2018\/05\/8047280.jpg?zoom=2&amp;resize=150%2C150&amp;ssl=1 300w, https:\/\/i0.wp.com\/mbphotos.be\/wp-content\/uploads\/2018\/05\/8047280.jpg?zoom=3&amp;resize=150%2C150&amp;ssl=1 450w\" sizes=\"auto, (max-width: 150px) 100vw, 150px\" \/><\/a><\/p>\n","protected":false},"excerpt":{"rendered":"<p>Arti&rsquo;fous&nbsp; \u00e0 Dinant octobre 2020 Le ch\u00e2teau de Seneffe au XVIII\u00e8me 08 septembre 2019 Les m\u00e9di\u00e9vales \u00e0 Namur juillet 2018 Parade v\u00e9nitienne \u00e0 H\u00e9l\u00e9cine 18 f\u00e9vrier 2018 Parade v\u00e9nitienne Annevoie mai 2018<\/p>\n","protected":false},"author":1,"featured_media":4555,"parent":0,"menu_order":0,"comment_status":"open","ping_status":"closed","template":"","meta":{"_seopress_robots_primary_cat":"","_seopress_titles_title":"","_seopress_titles_desc":"","_seopress_robots_index":"","footnotes":""},"class_list":["post-5522","page","type-page","status-publish","has-post-thumbnail","hentry"],"jetpack_sharing_enabled":true,"jetpack_shortlink":"https:\/\/wp.me\/P9qCFt-1r4","_links":{"self":[{"href":"https:\/\/mbphotos.be\/index.php\/wp-json\/wp\/v2\/pages\/5522","targetHints":{"allow":["GET"]}}],"collection":[{"href":"https:\/\/mbphotos.be\/index.php\/wp-json\/wp\/v2\/pages"}],"about":[{"href":"https:\/\/mbphotos.be\/index.php\/wp-json\/wp\/v2\/types\/page"}],"author":[{"embeddable":true,"href":"https:\/\/mbphotos.be\/index.php\/wp-json\/wp\/v2\/users\/1"}],"replies":[{"embeddable":true,"href":"https:\/\/mbphotos.be\/index.php\/wp-json\/wp\/v2\/comments?post=5522"}],"version-history":[{"count":10,"href":"https:\/\/mbphotos.be\/index.php\/wp-json\/wp\/v2\/pages\/5522\/revisions"}],"predecessor-version":[{"id":6310,"href":"https:\/\/mbphotos.be\/index.php\/wp-json\/wp\/v2\/pages\/5522\/revisions\/6310"}],"wp:featuredmedia":[{"embeddable":true,"href":"https:\/\/mbphotos.be\/index.php\/wp-json\/wp\/v2\/media\/4555"}],"wp:attachment":[{"href":"https:\/\/mbphotos.be\/index.php\/wp-json\/wp\/v2\/media?parent=5522"}],"curies":[{"name":"wp","href":"https:\/\/api.w.org\/{rel}","templated":true}]}}