{"id":5751,"date":"2020-11-19T17:26:47","date_gmt":"2020-11-19T16:26:47","guid":{"rendered":"http:\/\/mbphotos.be\/?page_id=5751"},"modified":"2023-07-17T20:23:41","modified_gmt":"2023-07-17T18:23:41","slug":"packshot","status":"publish","type":"page","link":"https:\/\/mbphotos.be\/index.php\/packshot\/","title":{"rendered":"PACKSHOT"},"content":{"rendered":"\n<p>Le&nbsp;<b>packshot<\/b>&nbsp;(ou&nbsp;<b>plan produit<\/b>), est une&nbsp;photographie d&rsquo;un produit sur un fond le plus souvent uni servant \u00e0 pr\u00e9senter le produit sur&nbsp;catalogue, sur un&nbsp;site web&nbsp;ou encore dans une d\u00e9marche de&nbsp;contr\u00f4le qualit\u00e9&nbsp;au sein d&rsquo;une&nbsp;entreprise.<\/p>\n\n\n\n<figure class=\"wp-block-gallery has-nested-images columns-4 is-cropped wp-block-gallery-1 is-layout-flex wp-block-gallery-is-layout-flex\">\n<figure class=\"wp-block-image size-large\"><img data-recalc-dims=\"1\" loading=\"lazy\" decoding=\"async\" width=\"600\" height=\"900\" data-attachment-id=\"5761\" data-permalink=\"https:\/\/mbphotos.be\/index.php\/packshot\/attachment\/verre-2\/\" data-orig-file=\"https:\/\/i0.wp.com\/mbphotos.be\/wp-content\/uploads\/verre-1.jpg?fit=600%2C900&amp;ssl=1\" data-orig-size=\"600,900\" data-comments-opened=\"1\" data-image-meta=\"{&quot;aperture&quot;:&quot;8&quot;,&quot;credit&quot;:&quot;Marc BIERNAUX Tous droits reserv&quot;,&quot;camera&quot;:&quot;X-H1&quot;,&quot;caption&quot;:&quot;&quot;,&quot;created_timestamp&quot;:&quot;1579557259&quot;,&quot;copyright&quot;:&quot;MBPhotos&quot;,&quot;focal_length&quot;:&quot;55&quot;,&quot;iso&quot;:&quot;200&quot;,&quot;shutter_speed&quot;:&quot;0.004&quot;,&quot;title&quot;:&quot;&quot;,&quot;orientation&quot;:&quot;0&quot;}\" data-image-title=\"verre\" data-image-description=\"\" data-image-caption=\"\" data-large-file=\"https:\/\/i0.wp.com\/mbphotos.be\/wp-content\/uploads\/verre-1.jpg?fit=600%2C900&amp;ssl=1\" data-id=\"5761\" src=\"https:\/\/i0.wp.com\/mbphotos.be\/wp-content\/uploads\/verre-1.jpg?resize=600%2C900&#038;ssl=1\" alt=\"\" class=\"wp-image-5761\" srcset=\"https:\/\/i0.wp.com\/mbphotos.be\/wp-content\/uploads\/verre-1.jpg?w=600&amp;ssl=1 600w, https:\/\/i0.wp.com\/mbphotos.be\/wp-content\/uploads\/verre-1.jpg?resize=200%2C300&amp;ssl=1 200w\" sizes=\"auto, (max-width: 600px) 100vw, 600px\" \/><\/figure>\n\n\n\n<figure class=\"wp-block-image size-large\"><img data-recalc-dims=\"1\" loading=\"lazy\" decoding=\"async\" width=\"600\" height=\"900\" data-attachment-id=\"5762\" data-permalink=\"https:\/\/mbphotos.be\/index.php\/packshot\/attachment\/dscf4617-2\/\" data-orig-file=\"https:\/\/i0.wp.com\/mbphotos.be\/wp-content\/uploads\/DSCF4617-1.jpg?fit=600%2C900&amp;ssl=1\" data-orig-size=\"600,900\" data-comments-opened=\"1\" data-image-meta=\"{&quot;aperture&quot;:&quot;16&quot;,&quot;credit&quot;:&quot;Marc BIERNAUX Tous droits reserv&quot;,&quot;camera&quot;:&quot;X-H1&quot;,&quot;caption&quot;:&quot;&quot;,&quot;created_timestamp&quot;:&quot;1604082323&quot;,&quot;copyright&quot;:&quot;MB&quot;,&quot;focal_length&quot;:&quot;55&quot;,&quot;iso&quot;:&quot;250&quot;,&quot;shutter_speed&quot;:&quot;0.25&quot;,&quot;title&quot;:&quot;&quot;,&quot;orientation&quot;:&quot;0&quot;}\" data-image-title=\"DSCF4617\" data-image-description=\"\" data-image-caption=\"\" data-large-file=\"https:\/\/i0.wp.com\/mbphotos.be\/wp-content\/uploads\/DSCF4617-1.jpg?fit=600%2C900&amp;ssl=1\" data-id=\"5762\" src=\"https:\/\/i0.wp.com\/mbphotos.be\/wp-content\/uploads\/DSCF4617-1.jpg?resize=600%2C900&#038;ssl=1\" alt=\"\" class=\"wp-image-5762\" srcset=\"https:\/\/i0.wp.com\/mbphotos.be\/wp-content\/uploads\/DSCF4617-1.jpg?w=600&amp;ssl=1 600w, https:\/\/i0.wp.com\/mbphotos.be\/wp-content\/uploads\/DSCF4617-1.jpg?resize=200%2C300&amp;ssl=1 200w\" sizes=\"auto, (max-width: 600px) 100vw, 600px\" \/><\/figure>\n\n\n\n<figure class=\"wp-block-image size-large\"><img data-recalc-dims=\"1\" loading=\"lazy\" decoding=\"async\" width=\"600\" height=\"900\" data-attachment-id=\"5763\" data-permalink=\"https:\/\/mbphotos.be\/index.php\/packshot\/attachment\/dscf8715-2\/\" data-orig-file=\"https:\/\/i0.wp.com\/mbphotos.be\/wp-content\/uploads\/DSCF8715-1.jpg?fit=600%2C900&amp;ssl=1\" data-orig-size=\"600,900\" data-comments-opened=\"1\" data-image-meta=\"{&quot;aperture&quot;:&quot;5.6&quot;,&quot;credit&quot;:&quot;Marc BIERNAUX Tous droits reserv&quot;,&quot;camera&quot;:&quot;X-H1&quot;,&quot;caption&quot;:&quot;&quot;,&quot;created_timestamp&quot;:&quot;1586791710&quot;,&quot;copyright&quot;:&quot;MB Photos Tous droits reserves&quot;,&quot;focal_length&quot;:&quot;80.4&quot;,&quot;iso&quot;:&quot;200&quot;,&quot;shutter_speed&quot;:&quot;1&quot;,&quot;title&quot;:&quot;&quot;,&quot;orientation&quot;:&quot;0&quot;}\" data-image-title=\"DSCF8715\" data-image-description=\"\" data-image-caption=\"\" data-large-file=\"https:\/\/i0.wp.com\/mbphotos.be\/wp-content\/uploads\/DSCF8715-1.jpg?fit=600%2C900&amp;ssl=1\" data-id=\"5763\" src=\"https:\/\/i0.wp.com\/mbphotos.be\/wp-content\/uploads\/DSCF8715-1.jpg?resize=600%2C900&#038;ssl=1\" alt=\"\" class=\"wp-image-5763\" srcset=\"https:\/\/i0.wp.com\/mbphotos.be\/wp-content\/uploads\/DSCF8715-1.jpg?w=600&amp;ssl=1 600w, https:\/\/i0.wp.com\/mbphotos.be\/wp-content\/uploads\/DSCF8715-1.jpg?resize=200%2C300&amp;ssl=1 200w\" sizes=\"auto, (max-width: 600px) 100vw, 600px\" \/><\/figure>\n\n\n\n<figure class=\"wp-block-image size-large\"><img data-recalc-dims=\"1\" loading=\"lazy\" decoding=\"async\" width=\"600\" height=\"900\" data-attachment-id=\"5764\" data-permalink=\"https:\/\/mbphotos.be\/index.php\/packshot\/attachment\/dscf9501-2\/\" data-orig-file=\"https:\/\/i0.wp.com\/mbphotos.be\/wp-content\/uploads\/DSCF9501-1.jpg?fit=600%2C900&amp;ssl=1\" data-orig-size=\"600,900\" data-comments-opened=\"1\" data-image-meta=\"{&quot;aperture&quot;:&quot;8&quot;,&quot;credit&quot;:&quot;Marc BIERNAUX Tous droits reserv&quot;,&quot;camera&quot;:&quot;X-H1&quot;,&quot;caption&quot;:&quot;&quot;,&quot;created_timestamp&quot;:&quot;1589564585&quot;,&quot;copyright&quot;:&quot;MB Photos Tous droits reserves&quot;,&quot;focal_length&quot;:&quot;47&quot;,&quot;iso&quot;:&quot;200&quot;,&quot;shutter_speed&quot;:&quot;0.004&quot;,&quot;title&quot;:&quot;&quot;,&quot;orientation&quot;:&quot;0&quot;}\" data-image-title=\"DSCF9501\" data-image-description=\"\" data-image-caption=\"\" data-large-file=\"https:\/\/i0.wp.com\/mbphotos.be\/wp-content\/uploads\/DSCF9501-1.jpg?fit=600%2C900&amp;ssl=1\" data-id=\"5764\" src=\"https:\/\/i0.wp.com\/mbphotos.be\/wp-content\/uploads\/DSCF9501-1.jpg?resize=600%2C900&#038;ssl=1\" alt=\"\" class=\"wp-image-5764\" srcset=\"https:\/\/i0.wp.com\/mbphotos.be\/wp-content\/uploads\/DSCF9501-1.jpg?w=600&amp;ssl=1 600w, https:\/\/i0.wp.com\/mbphotos.be\/wp-content\/uploads\/DSCF9501-1.jpg?resize=200%2C300&amp;ssl=1 200w\" sizes=\"auto, (max-width: 600px) 100vw, 600px\" \/><\/figure>\n\n\n\n<figure class=\"wp-block-image size-large\"><img data-recalc-dims=\"1\" loading=\"lazy\" decoding=\"async\" width=\"600\" height=\"900\" data-attachment-id=\"5765\" data-permalink=\"https:\/\/mbphotos.be\/index.php\/packshot\/attachment\/rhum-2020-04-14-13-04-55-bradius8smoothing4_1-2\/\" data-orig-file=\"https:\/\/i0.wp.com\/mbphotos.be\/wp-content\/uploads\/rhum-2020-04-14-13-04-55-BRadius8Smoothing4_1-1.jpg?fit=600%2C900&amp;ssl=1\" data-orig-size=\"600,900\" data-comments-opened=\"1\" data-image-meta=\"{&quot;aperture&quot;:&quot;2.8&quot;,&quot;credit&quot;:&quot;Marc BIERNAUX Tous droits reserv&quot;,&quot;camera&quot;:&quot;X-H1&quot;,&quot;caption&quot;:&quot;&quot;,&quot;created_timestamp&quot;:&quot;1586869058&quot;,&quot;copyright&quot;:&quot;MB Photos Tous droits reserves&quot;,&quot;focal_length&quot;:&quot;87.1&quot;,&quot;iso&quot;:&quot;200&quot;,&quot;shutter_speed&quot;:&quot;6.5&quot;,&quot;title&quot;:&quot;&quot;,&quot;orientation&quot;:&quot;0&quot;}\" data-image-title=\"rhum 2020-04-14 13-04-55 (B,Radius8,Smoothing4)_1\" data-image-description=\"\" data-image-caption=\"\" data-large-file=\"https:\/\/i0.wp.com\/mbphotos.be\/wp-content\/uploads\/rhum-2020-04-14-13-04-55-BRadius8Smoothing4_1-1.jpg?fit=600%2C900&amp;ssl=1\" data-id=\"5765\" src=\"https:\/\/i0.wp.com\/mbphotos.be\/wp-content\/uploads\/rhum-2020-04-14-13-04-55-BRadius8Smoothing4_1-1.jpg?resize=600%2C900&#038;ssl=1\" alt=\"\" class=\"wp-image-5765\" srcset=\"https:\/\/i0.wp.com\/mbphotos.be\/wp-content\/uploads\/rhum-2020-04-14-13-04-55-BRadius8Smoothing4_1-1.jpg?w=600&amp;ssl=1 600w, https:\/\/i0.wp.com\/mbphotos.be\/wp-content\/uploads\/rhum-2020-04-14-13-04-55-BRadius8Smoothing4_1-1.jpg?resize=200%2C300&amp;ssl=1 200w\" sizes=\"auto, (max-width: 600px) 100vw, 600px\" \/><\/figure>\n<\/figure>\n","protected":false},"excerpt":{"rendered":"<p>Le&nbsp;packshot&nbsp;(ou&nbsp;plan produit), est une&nbsp;photographie d&rsquo;un produit sur un fond le plus souvent uni servant \u00e0 pr\u00e9senter le produit sur&nbsp;catalogue, sur un&nbsp;site web&nbsp;ou encore dans une d\u00e9marche de&nbsp;contr\u00f4le qualit\u00e9&nbsp;au sein d&rsquo;une&nbsp;entreprise.<\/p>\n","protected":false},"author":1,"featured_media":0,"parent":0,"menu_order":0,"comment_status":"open","ping_status":"closed","template":"","meta":{"_seopress_robots_primary_cat":"","_seopress_titles_title":"","_seopress_titles_desc":"","_seopress_robots_index":"","footnotes":""},"class_list":["post-5751","page","type-page","status-publish","hentry"],"jetpack_sharing_enabled":true,"jetpack_shortlink":"https:\/\/wp.me\/P9qCFt-1uL","_links":{"self":[{"href":"https:\/\/mbphotos.be\/index.php\/wp-json\/wp\/v2\/pages\/5751","targetHints":{"allow":["GET"]}}],"collection":[{"href":"https:\/\/mbphotos.be\/index.php\/wp-json\/wp\/v2\/pages"}],"about":[{"href":"https:\/\/mbphotos.be\/index.php\/wp-json\/wp\/v2\/types\/page"}],"author":[{"embeddable":true,"href":"https:\/\/mbphotos.be\/index.php\/wp-json\/wp\/v2\/users\/1"}],"replies":[{"embeddable":true,"href":"https:\/\/mbphotos.be\/index.php\/wp-json\/wp\/v2\/comments?post=5751"}],"version-history":[{"count":6,"href":"https:\/\/mbphotos.be\/index.php\/wp-json\/wp\/v2\/pages\/5751\/revisions"}],"predecessor-version":[{"id":10077,"href":"https:\/\/mbphotos.be\/index.php\/wp-json\/wp\/v2\/pages\/5751\/revisions\/10077"}],"wp:attachment":[{"href":"https:\/\/mbphotos.be\/index.php\/wp-json\/wp\/v2\/media?parent=5751"}],"curies":[{"name":"wp","href":"https:\/\/api.w.org\/{rel}","templated":true}]}}